{"id":12404,"date":"2017-03-07T15:40:31","date_gmt":"2017-03-07T13:40:31","guid":{"rendered":"https:\/\/aknakoda.ee\/avaleht\/"},"modified":"2024-08-07T12:53:14","modified_gmt":"2024-08-07T09:53:14","slug":"avaleht","status":"publish","type":"page","link":"https:\/\/aknakoda.ee\/en\/","title":{"rendered":"Home"},"content":{"rendered":"\t\t<div data-elementor-type=\"wp-page\" data-elementor-id=\"12404\" class=\"elementor elementor-12404 elementor-11423 elementor-bc-flex-widget\">\n\t\t\t\t\t\t<section class=\"elementor-section elementor-top-section elementor-element elementor-element-b8li8o8 elementor-section-boxed elementor-section-height-default elementor-section-height-default\" data-id=\"b8li8o8\" data-element_type=\"section\">\n\t\t\t\t\t\t<div class=\"elementor-container elementor-column-gap-default\">\n\t\t\t\t\t<div class=\"elementor-column elementor-col-100 elementor-top-column elementor-element elementor-element-2700fjw\" data-id=\"2700fjw\" data-element_type=\"column\">\n\t\t\t<div class=\"elementor-widget-wrap elementor-element-populated\">\n\t\t\t\t\t\t<div class=\"elementor-element elementor-element-xx2wl9r elementor-widget elementor-widget-shortcode\" data-id=\"xx2wl9r\" data-element_type=\"widget\" data-widget_type=\"shortcode.default\">\n\t\t\t\t<div class=\"elementor-widget-container\">\n\t\t\t\t\t\t\t<div class=\"elementor-shortcode\"><div class=\"eltd-section-title-outer-holder\" style=\"text-align: center\">\n\t<div class=\"eltd-section-title-title-holder\">\n\t\t<span class=\"eltd-section-title\" style=\";;;;;text-transform: Uppercase\">\n\t\t\tTehtud t\u00f6\u00f6d\t\t<\/span>\n\t<\/div>\n    <span class=\"eltd-title-separator eltd-enable-separator\" ><\/span>\n\n\t<div class=\"eltd-section-subtitle-holder\">\n\t\t<span class=\"eltd-section-subtitle\" style=\";;;;;\">\n\t\t\tVaata meie tehtud t\u00f6id\t\t<\/span>\n\t<\/div>\n\n<\/div>\n\n<\/div>\n\t\t\t\t\t\t<\/div>\n\t\t\t\t<\/div>\n\t\t\t\t\t<\/div>\n\t\t<\/div>\n\t\t\t\t\t<\/div>\n\t\t<\/section>\n\t\t\t\t<section class=\"elementor-section elementor-top-section elementor-element elementor-element-si22ypx elementor-section-boxed elementor-section-height-default elementor-section-height-default\" data-id=\"si22ypx\" data-element_type=\"section\">\n\t\t\t\t\t\t<div class=\"elementor-container elementor-column-gap-default\">\n\t\t\t\t\t<div class=\"elementor-column elementor-col-100 elementor-top-column elementor-element elementor-element-10p2mqp\" data-id=\"10p2mqp\" data-element_type=\"column\">\n\t\t\t<div class=\"elementor-widget-wrap elementor-element-populated\">\n\t\t\t\t\t\t<div class=\"elementor-element elementor-element-8yr8itp elementor-widget elementor-widget-shortcode\" data-id=\"8yr8itp\" data-element_type=\"widget\" data-widget_type=\"shortcode.default\">\n\t\t\t\t<div class=\"elementor-widget-container\">\n\t\t\t\t\t\t\t<div class=\"elementor-shortcode\"><div class=\"eltd-section-title-outer-holder\" style=\"text-align: center\">\n\t<div class=\"eltd-section-title-title-holder\">\n\t\t<span class=\"eltd-section-title\" style=\";;;;;\">\n\t\t\tTagasiside\t\t<\/span>\n\t<\/div>\n    <span class=\"eltd-title-separator eltd-enable-separator\" ><\/span>\n\n\t<div class=\"eltd-section-subtitle-holder\">\n\t\t<span class=\"eltd-section-subtitle\" style=\";;;;;\">\n\t\t\tLoe mida arvavad meie kliendid\t\t<\/span>\n\t<\/div>\n\n<\/div><\/div>\n\t\t\t\t\t\t<\/div>\n\t\t\t\t<\/div>\n\t\t\t\t<div class=\"elementor-element elementor-element-5773mg6 elementor-widget elementor-widget-shortcode\" data-id=\"5773mg6\" data-element_type=\"widget\" data-widget_type=\"shortcode.default\">\n\t\t\t\t<div class=\"elementor-widget-container\">\n\t\t\t\t\t<div class=\"testimonial-slider\"><div class=\"item\">\n\t\t\t   \t\t\t<div class=\"thumb\"><img decoding=\"async\" width=\"102\" height=\"150\" src=\"https:\/\/aknakoda.ee\/wp-content\/uploads\/2017\/04\/image-8.jpeg\" class=\"attachment-thumb size-thumb wp-post-image\" alt=\"\" srcset=\"https:\/\/aknakoda.ee\/wp-content\/uploads\/2017\/04\/image-8.jpeg 308w, https:\/\/aknakoda.ee\/wp-content\/uploads\/2017\/04\/image-8-204x300.jpeg 204w\" sizes=\"(max-width: 102px) 100vw, 102px\" \/><\/div>\n\t\t\t   \t<span><p>I saw the advertisement of Aknakoda O\u00dc and as the old wooden window needed replacement I ordered a new PVC window with the best thermal performance. The window was ready in three weeks followed by installation and finishing works. The performed work was quick and of high quality. I am very pleased with the provided service and the outcome!<\/p>\n<\/span>\n\t\t\t   \t<h4>Thankful customer Ivo Linna<\/h4>\n\t\t\t   \t<\/div><div class=\"item\">\n\t\t\t   \t\t\t<div class=\"thumb\"><img decoding=\"async\" width=\"150\" height=\"150\" src=\"https:\/\/aknakoda.ee\/wp-content\/uploads\/2017\/07\/avatar.png\" class=\"attachment-thumb size-thumb wp-post-image\" alt=\"\" srcset=\"https:\/\/aknakoda.ee\/wp-content\/uploads\/2017\/07\/avatar.png 180w, https:\/\/aknakoda.ee\/wp-content\/uploads\/2017\/07\/avatar-150x150.png 150w\" sizes=\"(max-width: 150px) 100vw, 150px\" \/><\/div>\n\t\t\t   \t<span><p>The cooperation has run smoothly!<br \/>\nThe ability to solve current problems efficiently in case of large-scale projects is especially important! 5+!!!<\/p>\n<\/span>\n\t\t\t   \t<h4>Tambet Sari<\/h4>\n\t\t\t   \t<\/div><div class=\"item\">\n\t\t\t   \t\t\t<div class=\"thumb\"><img decoding=\"async\" width=\"150\" height=\"150\" src=\"https:\/\/aknakoda.ee\/wp-content\/uploads\/2017\/07\/avatar.png\" class=\"attachment-thumb size-thumb wp-post-image\" alt=\"\" srcset=\"https:\/\/aknakoda.ee\/wp-content\/uploads\/2017\/07\/avatar.png 180w, https:\/\/aknakoda.ee\/wp-content\/uploads\/2017\/07\/avatar-150x150.png 150w\" sizes=\"(max-width: 150px) 100vw, 150px\" \/><\/div>\n\t\t\t   \t<span><p>The windows are excellent and the installers of high level!<\/p>\n<\/span>\n\t\t\t   \t<h4>Ms. Liili from Tabivere<\/h4>\n\t\t\t   \t<\/div><div class=\"item\">\n\t\t\t   \t\t\t<div class=\"thumb\"><img decoding=\"async\" width=\"150\" height=\"150\" src=\"https:\/\/aknakoda.ee\/wp-content\/uploads\/2017\/07\/avatar.png\" class=\"attachment-thumb size-thumb wp-post-image\" alt=\"\" srcset=\"https:\/\/aknakoda.ee\/wp-content\/uploads\/2017\/07\/avatar.png 180w, https:\/\/aknakoda.ee\/wp-content\/uploads\/2017\/07\/avatar-150x150.png 150w\" sizes=\"(max-width: 150px) 100vw, 150px\" \/><\/div>\n\t\t\t   \t<span><p>I have ordered windows from Aknakoda O\u00dc many times by now and am very pleased with the outcome. I would like to give my special thanks to the workman having done the interior finishing.<\/p>\n<\/span>\n\t\t\t   \t<h4>Tamara from Kaunase Rd. in Tartu<\/h4>\n\t\t\t   \t<\/div><div class=\"item\">\n\t\t\t   \t\t\t<div class=\"thumb\"><img decoding=\"async\" width=\"150\" height=\"150\" src=\"https:\/\/aknakoda.ee\/wp-content\/uploads\/2017\/07\/avatar.png\" class=\"attachment-thumb size-thumb wp-post-image\" alt=\"\" srcset=\"https:\/\/aknakoda.ee\/wp-content\/uploads\/2017\/07\/avatar.png 180w, https:\/\/aknakoda.ee\/wp-content\/uploads\/2017\/07\/avatar-150x150.png 150w\" sizes=\"(max-width: 150px) 100vw, 150px\" \/><\/div>\n\t\t\t   \t<span><p>I ordered a new balcony window to be installed in the area of Vallik\u00e4\u00e4r in P\u00e4rnu. The work was quick and properly executed, I was very pleased. The mess caused by the replacement of glass was also cleaned up. Very pleasant service in the office as well (especially the girl in Savi Street office), the price range was also very reasonable. I will try not to break any of my windows but in case it should happen, I know where to find you.<br \/>\nThank you!<\/p>\n<\/span>\n\t\t\t   \t<h4>Martin<\/h4>\n\t\t\t   \t<\/div><div class=\"item\">\n\t\t\t   \t\t\t<div class=\"thumb\"><img decoding=\"async\" width=\"150\" height=\"150\" src=\"https:\/\/aknakoda.ee\/wp-content\/uploads\/2017\/07\/avatar.png\" class=\"attachment-thumb size-thumb wp-post-image\" alt=\"\" srcset=\"https:\/\/aknakoda.ee\/wp-content\/uploads\/2017\/07\/avatar.png 180w, https:\/\/aknakoda.ee\/wp-content\/uploads\/2017\/07\/avatar-150x150.png 150w\" sizes=\"(max-width: 150px) 100vw, 150px\" \/><\/div>\n\t\t\t   \t<span><p>Excellent customer service! Undoubtedly the best price to quality ratio!\u00a0<br \/>\nMy recommendations!<\/p>\n<\/span>\n\t\t\t   \t<h4>Kristo Meerits<\/h4>\n\t\t\t   \t<\/div><div class=\"item\">\n\t\t\t   \t\t\t<div class=\"thumb\"><img decoding=\"async\" width=\"150\" height=\"150\" src=\"https:\/\/aknakoda.ee\/wp-content\/uploads\/2017\/07\/avatar.png\" class=\"attachment-thumb size-thumb wp-post-image\" alt=\"\" srcset=\"https:\/\/aknakoda.ee\/wp-content\/uploads\/2017\/07\/avatar.png 180w, https:\/\/aknakoda.ee\/wp-content\/uploads\/2017\/07\/avatar-150x150.png 150w\" sizes=\"(max-width: 150px) 100vw, 150px\" \/><\/div>\n\t\t\t   \t<span><p>Professional and friendly service!\u00a0Thank you Erkki Lumisalu!<\/p>\n<\/span>\n\t\t\t   \t<h4>Ria from P\u00e4rnu<\/h4>\n\t\t\t   \t<\/div><div class=\"item\">\n\t\t\t   \t\t\t<div class=\"thumb\"><img decoding=\"async\" width=\"150\" height=\"150\" src=\"https:\/\/aknakoda.ee\/wp-content\/uploads\/2017\/07\/avatar.png\" class=\"attachment-thumb size-thumb wp-post-image\" alt=\"\" srcset=\"https:\/\/aknakoda.ee\/wp-content\/uploads\/2017\/07\/avatar.png 180w, https:\/\/aknakoda.ee\/wp-content\/uploads\/2017\/07\/avatar-150x150.png 150w\" sizes=\"(max-width: 150px) 100vw, 150px\" \/><\/div>\n\t\t\t   \t<span><p>Hello!<br \/>\nI would like to thank you for excellent service and my special appraise to the workmen \u2013 everything was perfectly executed.<\/p>\n<\/span>\n\t\t\t   \t<h4>Ms. Elvi Teder, Virula St., Tori rural municipality.<\/h4>\n\t\t\t   \t<\/div><div class=\"item\">\n\t\t\t   \t\t\t<div class=\"thumb\"><img decoding=\"async\" width=\"150\" height=\"150\" src=\"https:\/\/aknakoda.ee\/wp-content\/uploads\/2017\/07\/avatar.png\" class=\"attachment-thumb size-thumb wp-post-image\" alt=\"\" srcset=\"https:\/\/aknakoda.ee\/wp-content\/uploads\/2017\/07\/avatar.png 180w, https:\/\/aknakoda.ee\/wp-content\/uploads\/2017\/07\/avatar-150x150.png 150w\" sizes=\"(max-width: 150px) 100vw, 150px\" \/><\/div>\n\t\t\t   \t<span><p>Hello!<br \/>\nThanks to you my home is decorated with beautiful windows. I wish a lot of energy and strength to your great team.<\/p>\n<\/span>\n\t\t\t   \t<h4>Reelika Huljalt L-Virumaa<\/h4>\n\t\t\t   \t<\/div><div class=\"item\">\n\t\t\t   \t\t\t<div class=\"thumb\"><img decoding=\"async\" width=\"150\" height=\"150\" src=\"https:\/\/aknakoda.ee\/wp-content\/uploads\/2017\/07\/avatar.png\" class=\"attachment-thumb size-thumb wp-post-image\" alt=\"\" srcset=\"https:\/\/aknakoda.ee\/wp-content\/uploads\/2017\/07\/avatar.png 180w, https:\/\/aknakoda.ee\/wp-content\/uploads\/2017\/07\/avatar-150x150.png 150w\" sizes=\"(max-width: 150px) 100vw, 150px\" \/><\/div>\n\t\t\t   \t<span><p>Beautiful products of high quality and extremely pleasant expert service. Reliable cooperation partner who adheres to deadlines.<\/p>\n<\/span>\n\t\t\t   \t<h4>Tarmo Toom<\/h4>\n\t\t\t   \t<\/div><\/div>\t\t<div class=\"elementor-shortcode\"><\/div>\n\t\t\t\t\t\t<\/div>\n\t\t\t\t<\/div>\n\t\t\t\t<div class=\"elementor-element elementor-element-tqy0n98 elementor-widget elementor-widget-text-editor\" data-id=\"tqy0n98\" data-element_type=\"widget\" data-widget_type=\"text-editor.default\">\n\t\t\t\t<div class=\"elementor-widget-container\">\n\t\t\t\t\t\t\t\t\t<p style=\"text-align: center;\"><a class=\"eltd-btn eltd-btn-medium eltd-btn-solid eltd-btn-custom-hover-color\" href=\"https:\/\/aknakoda.ee\/tagasiside\/\" target=\"_self\" data-hover-color=\"#ffffff\"><span class=\"eltd-btn-text\">Vaata tagasisidet<\/span><\/a><\/p>\t\t\t\t\t\t\t\t<\/div>\n\t\t\t\t<\/div>\n\t\t\t\t\t<\/div>\n\t\t<\/div>\n\t\t\t\t\t<\/div>\n\t\t<\/section>\n\t\t\t\t<\/div>\n\t\t","protected":false},"excerpt":{"rendered":"","protected":false},"author":2,"featured_media":0,"parent":0,"menu_order":0,"comment_status":"closed","ping_status":"closed","template":"templates\/home.php","meta":{"_acf_changed":false,"footnotes":""},"class_list":["post-12404","page","type-page","status-publish","hentry"],"acf":[],"yoast_head":"<!-- This site is optimized with the Yoast SEO plugin v25.7 - https:\/\/yoast.com\/wordpress\/plugins\/seo\/ -->\n<title>Home &#8211; Aknakoda<\/title>\n<meta name=\"robots\" content=\"index, follow, max-snippet:-1, max-image-preview:large, max-video-preview:-1\" \/>\n<link rel=\"canonical\" href=\"https:\/\/aknakoda.ee\/en\/\" \/>\n<meta property=\"og:locale\" content=\"en_US\" \/>\n<meta property=\"og:type\" content=\"article\" \/>\n<meta property=\"og:title\" content=\"Home &#8211; Aknakoda\" \/>\n<meta property=\"og:url\" content=\"https:\/\/aknakoda.ee\/en\/\" \/>\n<meta property=\"og:site_name\" content=\"Aknakoda\" \/>\n<meta property=\"article:publisher\" content=\"https:\/\/www.facebook.com\/aknakoda\/\" \/>\n<meta property=\"article:modified_time\" content=\"2024-08-07T09:53:14+00:00\" \/>\n<meta name=\"twitter:card\" content=\"summary_large_image\" \/>\n<script type=\"application\/ld+json\" class=\"yoast-schema-graph\">{\"@context\":\"https:\/\/schema.org\",\"@graph\":[{\"@type\":\"WebPage\",\"@id\":\"https:\/\/aknakoda.ee\/en\/\",\"url\":\"https:\/\/aknakoda.ee\/en\/\",\"name\":\"Home &#8211; Aknakoda\",\"isPartOf\":{\"@id\":\"https:\/\/aknakoda.ee\/#website\"},\"datePublished\":\"2017-03-07T13:40:31+00:00\",\"dateModified\":\"2024-08-07T09:53:14+00:00\",\"breadcrumb\":{\"@id\":\"https:\/\/aknakoda.ee\/en\/#breadcrumb\"},\"inLanguage\":\"en-US\",\"potentialAction\":[{\"@type\":\"ReadAction\",\"target\":[\"https:\/\/aknakoda.ee\/en\/\"]}]},{\"@type\":\"BreadcrumbList\",\"@id\":\"https:\/\/aknakoda.ee\/en\/#breadcrumb\",\"itemListElement\":[{\"@type\":\"ListItem\",\"position\":1,\"name\":\"Home\",\"item\":\"https:\/\/aknakoda.ee\/en\/\"},{\"@type\":\"ListItem\",\"position\":2,\"name\":\"Home\"}]},{\"@type\":\"WebSite\",\"@id\":\"https:\/\/aknakoda.ee\/#website\",\"url\":\"https:\/\/aknakoda.ee\/\",\"name\":\"Aknakoda\",\"description\":\"Plastikakende ja plastakende m\u00fc\u00fck - Aknakoda\",\"potentialAction\":[{\"@type\":\"SearchAction\",\"target\":{\"@type\":\"EntryPoint\",\"urlTemplate\":\"https:\/\/aknakoda.ee\/?s={search_term_string}\"},\"query-input\":{\"@type\":\"PropertyValueSpecification\",\"valueRequired\":true,\"valueName\":\"search_term_string\"}}],\"inLanguage\":\"en-US\"}]}<\/script>\n<!-- \/ Yoast SEO plugin. -->","yoast_head_json":{"title":"Home &#8211; Aknakoda","robots":{"index":"index","follow":"follow","max-snippet":"max-snippet:-1","max-image-preview":"max-image-preview:large","max-video-preview":"max-video-preview:-1"},"canonical":"https:\/\/aknakoda.ee\/en\/","og_locale":"en_US","og_type":"article","og_title":"Home &#8211; Aknakoda","og_url":"https:\/\/aknakoda.ee\/en\/","og_site_name":"Aknakoda","article_publisher":"https:\/\/www.facebook.com\/aknakoda\/","article_modified_time":"2024-08-07T09:53:14+00:00","twitter_card":"summary_large_image","schema":{"@context":"https:\/\/schema.org","@graph":[{"@type":"WebPage","@id":"https:\/\/aknakoda.ee\/en\/","url":"https:\/\/aknakoda.ee\/en\/","name":"Home &#8211; Aknakoda","isPartOf":{"@id":"https:\/\/aknakoda.ee\/#website"},"datePublished":"2017-03-07T13:40:31+00:00","dateModified":"2024-08-07T09:53:14+00:00","breadcrumb":{"@id":"https:\/\/aknakoda.ee\/en\/#breadcrumb"},"inLanguage":"en-US","potentialAction":[{"@type":"ReadAction","target":["https:\/\/aknakoda.ee\/en\/"]}]},{"@type":"BreadcrumbList","@id":"https:\/\/aknakoda.ee\/en\/#breadcrumb","itemListElement":[{"@type":"ListItem","position":1,"name":"Home","item":"https:\/\/aknakoda.ee\/en\/"},{"@type":"ListItem","position":2,"name":"Home"}]},{"@type":"WebSite","@id":"https:\/\/aknakoda.ee\/#website","url":"https:\/\/aknakoda.ee\/","name":"Aknakoda","description":"Plastikakende ja plastakende m\u00fc\u00fck - Aknakoda","potentialAction":[{"@type":"SearchAction","target":{"@type":"EntryPoint","urlTemplate":"https:\/\/aknakoda.ee\/?s={search_term_string}"},"query-input":{"@type":"PropertyValueSpecification","valueRequired":true,"valueName":"search_term_string"}}],"inLanguage":"en-US"}]}},"_links":{"self":[{"href":"https:\/\/aknakoda.ee\/en\/wp-json\/wp\/v2\/pages\/12404","targetHints":{"allow":["GET"]}}],"collection":[{"href":"https:\/\/aknakoda.ee\/en\/wp-json\/wp\/v2\/pages"}],"about":[{"href":"https:\/\/aknakoda.ee\/en\/wp-json\/wp\/v2\/types\/page"}],"author":[{"embeddable":true,"href":"https:\/\/aknakoda.ee\/en\/wp-json\/wp\/v2\/users\/2"}],"replies":[{"embeddable":true,"href":"https:\/\/aknakoda.ee\/en\/wp-json\/wp\/v2\/comments?post=12404"}],"version-history":[{"count":13,"href":"https:\/\/aknakoda.ee\/en\/wp-json\/wp\/v2\/pages\/12404\/revisions"}],"predecessor-version":[{"id":38996,"href":"https:\/\/aknakoda.ee\/en\/wp-json\/wp\/v2\/pages\/12404\/revisions\/38996"}],"wp:attachment":[{"href":"https:\/\/aknakoda.ee\/en\/wp-json\/wp\/v2\/media?parent=12404"}],"curies":[{"name":"wp","href":"https:\/\/api.w.org\/{rel}","templated":true}]}}