{"id":12559,"date":"2017-06-07T12:24:53","date_gmt":"2017-06-07T09:24:53","guid":{"rendered":"https:\/\/aknakoda.ee\/tallinn-mustamae\/"},"modified":"2023-05-24T12:34:34","modified_gmt":"2023-05-24T09:34:34","slug":"tallinn-mustamae","status":"publish","type":"page","link":"https:\/\/aknakoda.ee\/en\/contact\/tallinn-mustamae\/","title":{"rendered":"Tallinn"},"content":{"rendered":"\t\t<div data-elementor-type=\"wp-page\" data-elementor-id=\"12559\" class=\"elementor elementor-12559 elementor-12360\">\n\t\t\t\t\t\t<section class=\"elementor-section elementor-top-section elementor-element elementor-element-q13r8dm elementor-section-full_width elementor-section-height-default elementor-section-height-default\" data-id=\"q13r8dm\" data-element_type=\"section\">\n\t\t\t\t\t\t<div class=\"elementor-container elementor-column-gap-wider\">\n\t\t\t\t\t<div class=\"elementor-column elementor-col-100 elementor-top-column elementor-element elementor-element-y6ooc9c\" data-id=\"y6ooc9c\" data-element_type=\"column\">\n\t\t\t<div class=\"elementor-widget-wrap elementor-element-populated\">\n\t\t\t\t\t\t<section class=\"elementor-section elementor-inner-section elementor-element elementor-element-2ctqvhf elementor-section-boxed elementor-section-height-default elementor-section-height-default\" data-id=\"2ctqvhf\" data-element_type=\"section\">\n\t\t\t\t\t\t<div class=\"elementor-container elementor-column-gap-default\">\n\t\t\t\t\t<div class=\"elementor-column elementor-col-33 elementor-inner-column elementor-element elementor-element-9s52j0r\" data-id=\"9s52j0r\" data-element_type=\"column\">\n\t\t\t<div class=\"elementor-widget-wrap elementor-element-populated\">\n\t\t\t\t\t\t<div class=\"elementor-element elementor-element-z1v3uts elementor-widget elementor-widget-text-editor\" data-id=\"z1v3uts\" data-element_type=\"widget\" data-widget_type=\"text-editor.default\">\n\t\t\t\t<div class=\"elementor-widget-container\">\n\t\t\t\t\t\t\t\t\t<p><strong>Mustam\u00e4e m\u00fc\u00fcgiesindus<\/strong> (Edasim\u00fc\u00fcja Selectum O\u00dc)<br \/>Kadaka tee 63 C-korpus 1.korrus ruum 130A, Tallinn<br \/><a href=\"mailto:mustamae@aknakoda.ee\">mustamae@aknakoda.ee<\/a><br \/>Avatud: E-R 9.00 &#8211; 17.00<br \/>L-P suletud.<\/p>\t\t\t\t\t\t\t\t<\/div>\n\t\t\t\t<\/div>\n\t\t\t\t\t<\/div>\n\t\t<\/div>\n\t\t\t\t<div class=\"elementor-column elementor-col-33 elementor-inner-column elementor-element elementor-element-mlpg8bv\" data-id=\"mlpg8bv\" data-element_type=\"column\">\n\t\t\t<div class=\"elementor-widget-wrap\">\n\t\t\t\t\t\t\t<\/div>\n\t\t<\/div>\n\t\t\t\t<div class=\"elementor-column elementor-col-33 elementor-inner-column elementor-element elementor-element-4f6fb00\" data-id=\"4f6fb00\" data-element_type=\"column\">\n\t\t\t<div class=\"elementor-widget-wrap elementor-element-populated\">\n\t\t\t\t\t\t<div class=\"elementor-element elementor-element-p7l2jvu elementor-widget elementor-widget-google_maps\" data-id=\"p7l2jvu\" data-element_type=\"widget\" data-widget_type=\"google_maps.default\">\n\t\t\t\t<div class=\"elementor-widget-container\">\n\t\t\t\t\t\t\t<div class=\"elementor-custom-embed\">\n\t\t\t<iframe loading=\"lazy\"\n\t\t\t\t\tsrc=\"https:\/\/maps.google.com\/maps?q=CM8G%2B2M%20Tallinn&#038;t=m&#038;z=15&#038;output=embed&#038;iwloc=near\"\n\t\t\t\t\ttitle=\"CM8G+2M Tallinn\"\n\t\t\t\t\taria-label=\"CM8G+2M Tallinn\"\n\t\t\t><\/iframe>\n\t\t<\/div>\n\t\t\t\t\t\t<\/div>\n\t\t\t\t<\/div>\n\t\t\t\t\t<\/div>\n\t\t<\/div>\n\t\t\t\t\t<\/div>\n\t\t<\/section>\n\t\t\t\t<section class=\"elementor-section elementor-inner-section elementor-element elementor-element-7unad09 elementor-section-boxed elementor-section-height-default elementor-section-height-default\" data-id=\"7unad09\" data-element_type=\"section\">\n\t\t\t\t\t\t<div class=\"elementor-container elementor-column-gap-default\">\n\t\t\t\t\t<div class=\"elementor-column elementor-col-33 elementor-inner-column elementor-element elementor-element-1ljf750\" data-id=\"1ljf750\" data-element_type=\"column\">\n\t\t\t<div class=\"elementor-widget-wrap elementor-element-populated\">\n\t\t\t\t\t\t<div class=\"elementor-element elementor-element-22edmrh elementor-widget elementor-widget-text-editor\" data-id=\"22edmrh\" data-element_type=\"widget\" data-widget_type=\"text-editor.default\">\n\t\t\t\t<div class=\"elementor-widget-container\">\n\t\t\t\t\t\t\t\t\t<p><strong><img decoding=\"async\" class=\"alignleft size-full wp-image-14011\" src=\"https:\/\/aknakoda.ee\/wp-content\/uploads\/2017\/08\/Sirle_Lugima_Mustamae_esindus.jpg\" alt=\"\" width=\"150\" height=\"175\" \/>Sirle Lugima<\/strong><br \/>M\u00fc\u00fcgisekret\u00e4r\u00a0<br \/>Mob. +372 53 301 399<br \/><strong><a href=\"mailto:sirle.lugima@aknakoda.ee\">sirle.lugima@aknakoda.ee<\/a><\/strong><\/p>\t\t\t\t\t\t\t\t<\/div>\n\t\t\t\t<\/div>\n\t\t\t\t\t<\/div>\n\t\t<\/div>\n\t\t\t\t<div class=\"elementor-column elementor-col-33 elementor-inner-column elementor-element elementor-element-itejudc\" data-id=\"itejudc\" data-element_type=\"column\">\n\t\t\t<div class=\"elementor-widget-wrap elementor-element-populated\">\n\t\t\t\t\t\t<div class=\"elementor-element elementor-element-v8ld8m0 elementor-widget elementor-widget-text-editor\" data-id=\"v8ld8m0\" data-element_type=\"widget\" data-widget_type=\"text-editor.default\">\n\t\t\t\t<div class=\"elementor-widget-container\">\n\t\t\t\t\t\t\t\t\t<div class=\"wpb_text_column wpb_content_element \"><div class=\"wpb_wrapper\"><p><strong><img decoding=\"async\" class=\"alignleft size-full wp-image-14008\" src=\"https:\/\/aknakoda.ee\/wp-content\/uploads\/2017\/08\/Piret_Kuivas_Mustamae_esindus.jpg\" alt=\"\" width=\"150\" height=\"175\" \/>Piret Kuivas<\/strong><br \/>M\u00fc\u00fcgijuht<br \/>Mob. +372 53 493554<br \/><strong><a href=\"mailto:piret.kuivas@aknakoda.ee\">piret.kuivas@aknakoda.ee<\/a><\/strong><\/p><\/div><\/div>\t\t\t\t\t\t\t\t<\/div>\n\t\t\t\t<\/div>\n\t\t\t\t\t<\/div>\n\t\t<\/div>\n\t\t\t\t<div class=\"elementor-column elementor-col-33 elementor-inner-column elementor-element elementor-element-182e81c\" data-id=\"182e81c\" data-element_type=\"column\">\n\t\t\t<div class=\"elementor-widget-wrap elementor-element-populated\">\n\t\t\t\t\t\t<div class=\"elementor-element elementor-element-b972a80 elementor-widget elementor-widget-html\" data-id=\"b972a80\" data-element_type=\"widget\" data-widget_type=\"html.default\">\n\t\t\t\t<div class=\"elementor-widget-container\">\n\t\t\t\t\t<iframe src=\"https:\/\/www.google.com\/maps\/embed?pb=!4v1684920855732!6m8!1m7!1sGLcyLRUDRkb9HwFJnnTUdQ!2m2!1d59.41497785368173!2d24.67554532980765!3f100.0950366969295!4f2.2158987831747794!5f0.7820865974627469\" width=\"600\" height=\"250\" style=\"border:0;\" allowfullscreen=\"\" loading=\"lazy\" referrerpolicy=\"no-referrer-when-downgrade\"><\/iframe>\t\t\t\t<\/div>\n\t\t\t\t<\/div>\n\t\t\t\t\t<\/div>\n\t\t<\/div>\n\t\t\t\t\t<\/div>\n\t\t<\/section>\n\t\t\t\t\t<\/div>\n\t\t<\/div>\n\t\t\t\t\t<\/div>\n\t\t<\/section>\n\t\t\t\t<section class=\"elementor-section elementor-top-section elementor-element elementor-element-241b5ffd elementor-section-full_width elementor-section-height-default elementor-section-height-default\" data-id=\"241b5ffd\" data-element_type=\"section\">\n\t\t\t\t\t\t<div class=\"elementor-container elementor-column-gap-wider\">\n\t\t\t\t\t<div class=\"elementor-column elementor-col-100 elementor-top-column elementor-element elementor-element-6b1fedba\" data-id=\"6b1fedba\" data-element_type=\"column\">\n\t\t\t<div class=\"elementor-widget-wrap elementor-element-populated\">\n\t\t\t\t\t\t<section class=\"elementor-section elementor-inner-section elementor-element elementor-element-4ec83ae4 elementor-section-boxed elementor-section-height-default elementor-section-height-default\" data-id=\"4ec83ae4\" data-element_type=\"section\">\n\t\t\t\t\t\t<div class=\"elementor-container elementor-column-gap-default\">\n\t\t\t\t\t<div class=\"elementor-column elementor-col-33 elementor-inner-column elementor-element elementor-element-55b49f3e\" data-id=\"55b49f3e\" data-element_type=\"column\">\n\t\t\t<div class=\"elementor-widget-wrap elementor-element-populated\">\n\t\t\t\t\t\t<div class=\"elementor-element elementor-element-48bdc3cb elementor-widget elementor-widget-text-editor\" data-id=\"48bdc3cb\" data-element_type=\"widget\" data-widget_type=\"text-editor.default\">\n\t\t\t\t<div class=\"elementor-widget-container\">\n\t\t\t\t\t\t\t\t\t<p><strong>Lasnam\u00e4e m\u00fc\u00fcgiesindus<\/strong><\/p><p><strong> (edasim\u00fc\u00fcja Puuaken O\u00dc) <\/strong><\/p><p>Betooni 14 boks 15, Tallinn <br \/>e-mail: <a href=\"mailto:lasnamae@aknakoda.eekoda.ee\">lasnamae@aknakoda.ee<\/a><br \/>Avatud: E-R 8.00-17.00, L-P suletud<\/p>\t\t\t\t\t\t\t\t<\/div>\n\t\t\t\t<\/div>\n\t\t\t\t\t<\/div>\n\t\t<\/div>\n\t\t\t\t<div class=\"elementor-column elementor-col-33 elementor-inner-column elementor-element elementor-element-6d850761\" data-id=\"6d850761\" data-element_type=\"column\">\n\t\t\t<div class=\"elementor-widget-wrap\">\n\t\t\t\t\t\t\t<\/div>\n\t\t<\/div>\n\t\t\t\t<div class=\"elementor-column elementor-col-33 elementor-inner-column elementor-element elementor-element-bd9432c\" data-id=\"bd9432c\" data-element_type=\"column\">\n\t\t\t<div class=\"elementor-widget-wrap elementor-element-populated\">\n\t\t\t\t\t\t<div class=\"elementor-element elementor-element-3073c328 elementor-widget elementor-widget-google_maps\" data-id=\"3073c328\" data-element_type=\"widget\" data-widget_type=\"google_maps.default\">\n\t\t\t\t<div class=\"elementor-widget-container\">\n\t\t\t\t\t\t\t<div class=\"elementor-custom-embed\">\n\t\t\t<iframe loading=\"lazy\"\n\t\t\t\t\tsrc=\"https:\/\/maps.google.com\/maps?q=Betooni%2014%2C%20Tallinn&#038;t=m&#038;z=12&#038;output=embed&#038;iwloc=near\"\n\t\t\t\t\ttitle=\"Betooni 14, Tallinn\"\n\t\t\t\t\taria-label=\"Betooni 14, Tallinn\"\n\t\t\t><\/iframe>\n\t\t<\/div>\n\t\t\t\t\t\t<\/div>\n\t\t\t\t<\/div>\n\t\t\t\t\t<\/div>\n\t\t<\/div>\n\t\t\t\t\t<\/div>\n\t\t<\/section>\n\t\t\t\t<section class=\"elementor-section elementor-inner-section elementor-element elementor-element-e828293 elementor-section-boxed elementor-section-height-default elementor-section-height-default\" data-id=\"e828293\" data-element_type=\"section\">\n\t\t\t\t\t\t<div class=\"elementor-container elementor-column-gap-default\">\n\t\t\t\t\t<div class=\"elementor-column elementor-col-33 elementor-inner-column elementor-element elementor-element-0cfc724\" data-id=\"0cfc724\" data-element_type=\"column\">\n\t\t\t<div class=\"elementor-widget-wrap elementor-element-populated\">\n\t\t\t\t\t\t<div class=\"elementor-element elementor-element-637024a elementor-widget elementor-widget-text-editor\" data-id=\"637024a\" data-element_type=\"widget\" data-widget_type=\"text-editor.default\">\n\t\t\t\t<div class=\"elementor-widget-container\">\n\t\t\t\t\t\t\t\t\t<p><strong><img decoding=\"async\" class=\"size-full wp-image-14157 alignleft\" src=\"https:\/\/aknakoda.ee\/wp-content\/uploads\/2022\/11\/image0-scaled.jpeg\" alt=\"\" width=\"150\" height=\"175\" \/>Helene M\u00e4nnapsoo<\/strong><br \/>M\u00fc\u00fcgisekret\u00e4r\u00a0 \u00a0 \u00a0 \u00a0 \u00a0 \u00a0 \u00a0 \u00a0 \u00a0<\/p><p>Mob. +372 5350 9576<\/p><p><strong><a href=\"mailto:lasnamae@aknakoda.ee\">lasnamae@aknakoda.ee<\/a>\u00a0<\/strong><\/p>\t\t\t\t\t\t\t\t<\/div>\n\t\t\t\t<\/div>\n\t\t\t\t\t<\/div>\n\t\t<\/div>\n\t\t\t\t<div class=\"elementor-column elementor-col-33 elementor-inner-column elementor-element elementor-element-f33c467\" data-id=\"f33c467\" data-element_type=\"column\">\n\t\t\t<div class=\"elementor-widget-wrap\">\n\t\t\t\t\t\t\t<\/div>\n\t\t<\/div>\n\t\t\t\t<div class=\"elementor-column elementor-col-33 elementor-inner-column elementor-element elementor-element-14b0bf0\" data-id=\"14b0bf0\" data-element_type=\"column\">\n\t\t\t<div class=\"elementor-widget-wrap elementor-element-populated\">\n\t\t\t\t\t\t<div class=\"elementor-element elementor-element-1a267b35 elementor-widget elementor-widget-html\" data-id=\"1a267b35\" data-element_type=\"widget\" data-widget_type=\"html.default\">\n\t\t\t\t<div class=\"elementor-widget-container\">\n\t\t\t\t\t<iframe src=\"https:\/\/www.google.com\/maps\/embed?pb=!4v1667984707773!6m8!1m7!1sku2J0CqZwlLnhK-7_gv4Eg!2m2!1d59.42427002040207!2d24.8584041033482!3f183.06480968996465!4f-1.952014865990904!5f0.7820865974627469\" width=\"100%\" height=\"250\" style=\"border:0;\" allowfullscreen=\"\" loading=\"lazy\" referrerpolicy=\"no-referrer-when-downgrade\"><\/iframe>\t\t\t\t<\/div>\n\t\t\t\t<\/div>\n\t\t\t\t\t<\/div>\n\t\t<\/div>\n\t\t\t\t\t<\/div>\n\t\t<\/section>\n\t\t\t\t\t<\/div>\n\t\t<\/div>\n\t\t\t\t\t<\/div>\n\t\t<\/section>\n\t\t\t\t<section class=\"elementor-section elementor-top-section elementor-element elementor-element-7d81e01 elementor-section-boxed elementor-section-height-default elementor-section-height-default\" data-id=\"7d81e01\" data-element_type=\"section\">\n\t\t\t\t\t\t<div class=\"elementor-container elementor-column-gap-default\">\n\t\t\t\t\t<div class=\"elementor-column elementor-col-100 elementor-top-column elementor-element elementor-element-6a850a3\" data-id=\"6a850a3\" data-element_type=\"column\">\n\t\t\t<div class=\"elementor-widget-wrap elementor-element-populated\">\n\t\t\t\t\t\t<section class=\"elementor-section elementor-inner-section elementor-element elementor-element-63a594f elementor-section-boxed elementor-section-height-default elementor-section-height-default\" data-id=\"63a594f\" data-element_type=\"section\">\n\t\t\t\t\t\t<div class=\"elementor-container elementor-column-gap-default\">\n\t\t\t\t\t<div class=\"elementor-column elementor-col-50 elementor-inner-column elementor-element elementor-element-37c10c0\" data-id=\"37c10c0\" data-element_type=\"column\">\n\t\t\t<div class=\"elementor-widget-wrap elementor-element-populated\">\n\t\t\t\t\t\t<div class=\"elementor-element elementor-element-46e003c elementor-widget elementor-widget-text-editor\" data-id=\"46e003c\" data-element_type=\"widget\" data-widget_type=\"text-editor.default\">\n\t\t\t\t<div class=\"elementor-widget-container\">\n\t\t\t\t\t\t\t\t\t<p><strong>Aknakoda Eesti O\u00dc Tallinna osakonna PROJEKTIM\u00dc\u00dcK<\/strong><\/p>\t\t\t\t\t\t\t\t<\/div>\n\t\t\t\t<\/div>\n\t\t\t\t<div class=\"elementor-element elementor-element-7c125c5 elementor-widget elementor-widget-text-editor\" data-id=\"7c125c5\" data-element_type=\"widget\" data-widget_type=\"text-editor.default\">\n\t\t\t\t<div class=\"elementor-widget-container\">\n\t\t\t\t\t\t\t\t\t<p><strong><img loading=\"lazy\" decoding=\"async\" class=\"size-medium wp-image-26885 alignleft\" src=\"https:\/\/aknakoda.ee\/wp-content\/uploads\/2020\/11\/IMGP0104-244x300.jpg\" alt=\"\" width=\"150\" height=\"300\" \/>Toomas Vain<\/strong><br \/>Projektijuht<br \/>Mob. +372 511 8760<br \/><span style=\"font-size: 12px;\"><b><u>toomas.vain@aknakoda.ee<\/u><\/b><\/span><\/p>\t\t\t\t\t\t\t\t<\/div>\n\t\t\t\t<\/div>\n\t\t\t\t\t<\/div>\n\t\t<\/div>\n\t\t\t\t<div class=\"elementor-column elementor-col-50 elementor-inner-column elementor-element elementor-element-e46e015\" data-id=\"e46e015\" data-element_type=\"column\">\n\t\t\t<div class=\"elementor-widget-wrap\">\n\t\t\t\t\t\t\t<\/div>\n\t\t<\/div>\n\t\t\t\t\t<\/div>\n\t\t<\/section>\n\t\t\t\t\t<\/div>\n\t\t<\/div>\n\t\t\t\t\t<\/div>\n\t\t<\/section>\n\t\t\t\t<\/div>\n\t\t","protected":false},"excerpt":{"rendered":"<p>Mustam\u00e4e m\u00fc\u00fcgiesindus (Edasim\u00fc\u00fcja Selectum O\u00dc)Kadaka tee 63 C-korpus 1.korrus ruum 130A, Tallinnmustamae@aknakoda.eeAvatud: E-R 9.00 &#8211; 17.00L-P suletud. Sirle LugimaM\u00fc\u00fcgisekret\u00e4r\u00a0Mob. +372 53 301 399sirle.lugima@aknakoda.ee Piret KuivasM\u00fc\u00fcgijuhtMob. +372 53 493554piret.kuivas@aknakoda.ee Lasnam\u00e4e m\u00fc\u00fcgiesindus (edasim\u00fc\u00fcja Puuaken O\u00dc) Betooni 14 boks 15, Tallinn e-mail: lasnamae@aknakoda.eeAvatud: E-R 8.00-17.00, L-P suletud Helene&#8230;<\/p>\n","protected":false},"author":2,"featured_media":0,"parent":12732,"menu_order":5,"comment_status":"closed","ping_status":"closed","template":"","meta":{"_acf_changed":false,"footnotes":""},"class_list":["post-12559","page","type-page","status-publish","hentry"],"acf":[],"yoast_head":"<!-- This site is optimized with the Yoast SEO plugin v25.7 - https:\/\/yoast.com\/wordpress\/plugins\/seo\/ -->\n<title>Aknad Tallinnas | Aknad Mustam\u00e4el | PVC aknad | Plastaknad | Plastikaknad | PVC uksed - Aknakoda<\/title>\n<meta name=\"description\" content=\"Aknad Tallinnas, Aknad Mustam\u00e4el, PVC aknad, Plastaknad, Plastikaknad, PVC uksed\" \/>\n<meta name=\"robots\" content=\"index, follow, max-snippet:-1, max-image-preview:large, max-video-preview:-1\" \/>\n<link rel=\"canonical\" href=\"https:\/\/aknakoda.ee\/en\/contact\/tallinn-mustamae\/\" \/>\n<meta property=\"og:locale\" content=\"en_US\" \/>\n<meta property=\"og:type\" content=\"article\" \/>\n<meta property=\"og:title\" content=\"Aknad Tallinnas | Aknad Mustam\u00e4el | PVC aknad | Plastaknad | Plastikaknad | PVC uksed - Aknakoda\" \/>\n<meta property=\"og:description\" content=\"Aknad Tallinnas, Aknad Mustam\u00e4el, PVC aknad, Plastaknad, Plastikaknad, PVC uksed\" \/>\n<meta property=\"og:url\" content=\"https:\/\/aknakoda.ee\/en\/contact\/tallinn-mustamae\/\" \/>\n<meta property=\"og:site_name\" content=\"Aknakoda\" \/>\n<meta property=\"article:publisher\" content=\"https:\/\/www.facebook.com\/aknakoda\/\" \/>\n<meta property=\"article:modified_time\" content=\"2023-05-24T09:34:34+00:00\" \/>\n<meta property=\"og:image\" content=\"https:\/\/aknakoda.ee\/wp-content\/uploads\/2017\/08\/Sirle_Lugima_Mustamae_esindus.jpg\" \/>\n<meta name=\"twitter:card\" content=\"summary_large_image\" \/>\n<script type=\"application\/ld+json\" class=\"yoast-schema-graph\">{\"@context\":\"https:\/\/schema.org\",\"@graph\":[{\"@type\":\"WebPage\",\"@id\":\"https:\/\/aknakoda.ee\/en\/contact\/tallinn-mustamae\/\",\"url\":\"https:\/\/aknakoda.ee\/en\/contact\/tallinn-mustamae\/\",\"name\":\"Aknad Tallinnas | Aknad Mustam\u00e4el | PVC aknad | Plastaknad | Plastikaknad | PVC uksed - Aknakoda\",\"isPartOf\":{\"@id\":\"https:\/\/aknakoda.ee\/#website\"},\"primaryImageOfPage\":{\"@id\":\"https:\/\/aknakoda.ee\/en\/contact\/tallinn-mustamae\/#primaryimage\"},\"image\":{\"@id\":\"https:\/\/aknakoda.ee\/en\/contact\/tallinn-mustamae\/#primaryimage\"},\"thumbnailUrl\":\"https:\/\/aknakoda.ee\/wp-content\/uploads\/2017\/08\/Sirle_Lugima_Mustamae_esindus.jpg\",\"datePublished\":\"2017-06-07T09:24:53+00:00\",\"dateModified\":\"2023-05-24T09:34:34+00:00\",\"description\":\"Aknad Tallinnas, Aknad Mustam\u00e4el, PVC aknad, Plastaknad, Plastikaknad, PVC uksed\",\"breadcrumb\":{\"@id\":\"https:\/\/aknakoda.ee\/en\/contact\/tallinn-mustamae\/#breadcrumb\"},\"inLanguage\":\"en-US\",\"potentialAction\":[{\"@type\":\"ReadAction\",\"target\":[\"https:\/\/aknakoda.ee\/en\/contact\/tallinn-mustamae\/\"]}]},{\"@type\":\"ImageObject\",\"inLanguage\":\"en-US\",\"@id\":\"https:\/\/aknakoda.ee\/en\/contact\/tallinn-mustamae\/#primaryimage\",\"url\":\"https:\/\/aknakoda.ee\/wp-content\/uploads\/2017\/08\/Sirle_Lugima_Mustamae_esindus.jpg\",\"contentUrl\":\"https:\/\/aknakoda.ee\/wp-content\/uploads\/2017\/08\/Sirle_Lugima_Mustamae_esindus.jpg\"},{\"@type\":\"BreadcrumbList\",\"@id\":\"https:\/\/aknakoda.ee\/en\/contact\/tallinn-mustamae\/#breadcrumb\",\"itemListElement\":[{\"@type\":\"ListItem\",\"position\":1,\"name\":\"Home\",\"item\":\"https:\/\/aknakoda.ee\/en\/\"},{\"@type\":\"ListItem\",\"position\":2,\"name\":\"Contact\",\"item\":\"https:\/\/aknakoda.ee\/en\/contact\/\"},{\"@type\":\"ListItem\",\"position\":3,\"name\":\"Tallinn\"}]},{\"@type\":\"WebSite\",\"@id\":\"https:\/\/aknakoda.ee\/#website\",\"url\":\"https:\/\/aknakoda.ee\/\",\"name\":\"Aknakoda\",\"description\":\"Plastikakende ja plastakende m\u00fc\u00fck - Aknakoda\",\"potentialAction\":[{\"@type\":\"SearchAction\",\"target\":{\"@type\":\"EntryPoint\",\"urlTemplate\":\"https:\/\/aknakoda.ee\/?s={search_term_string}\"},\"query-input\":{\"@type\":\"PropertyValueSpecification\",\"valueRequired\":true,\"valueName\":\"search_term_string\"}}],\"inLanguage\":\"en-US\"}]}<\/script>\n<!-- \/ Yoast SEO plugin. -->","yoast_head_json":{"title":"Aknad Tallinnas | Aknad Mustam\u00e4el | PVC aknad | Plastaknad | Plastikaknad | PVC uksed - Aknakoda","description":"Aknad Tallinnas, Aknad Mustam\u00e4el, PVC aknad, Plastaknad, Plastikaknad, PVC uksed","robots":{"index":"index","follow":"follow","max-snippet":"max-snippet:-1","max-image-preview":"max-image-preview:large","max-video-preview":"max-video-preview:-1"},"canonical":"https:\/\/aknakoda.ee\/en\/contact\/tallinn-mustamae\/","og_locale":"en_US","og_type":"article","og_title":"Aknad Tallinnas | Aknad Mustam\u00e4el | PVC aknad | Plastaknad | Plastikaknad | PVC uksed - Aknakoda","og_description":"Aknad Tallinnas, Aknad Mustam\u00e4el, PVC aknad, Plastaknad, Plastikaknad, PVC uksed","og_url":"https:\/\/aknakoda.ee\/en\/contact\/tallinn-mustamae\/","og_site_name":"Aknakoda","article_publisher":"https:\/\/www.facebook.com\/aknakoda\/","article_modified_time":"2023-05-24T09:34:34+00:00","og_image":[{"url":"https:\/\/aknakoda.ee\/wp-content\/uploads\/2017\/08\/Sirle_Lugima_Mustamae_esindus.jpg","type":"","width":"","height":""}],"twitter_card":"summary_large_image","schema":{"@context":"https:\/\/schema.org","@graph":[{"@type":"WebPage","@id":"https:\/\/aknakoda.ee\/en\/contact\/tallinn-mustamae\/","url":"https:\/\/aknakoda.ee\/en\/contact\/tallinn-mustamae\/","name":"Aknad Tallinnas | Aknad Mustam\u00e4el | PVC aknad | Plastaknad | Plastikaknad | PVC uksed - Aknakoda","isPartOf":{"@id":"https:\/\/aknakoda.ee\/#website"},"primaryImageOfPage":{"@id":"https:\/\/aknakoda.ee\/en\/contact\/tallinn-mustamae\/#primaryimage"},"image":{"@id":"https:\/\/aknakoda.ee\/en\/contact\/tallinn-mustamae\/#primaryimage"},"thumbnailUrl":"https:\/\/aknakoda.ee\/wp-content\/uploads\/2017\/08\/Sirle_Lugima_Mustamae_esindus.jpg","datePublished":"2017-06-07T09:24:53+00:00","dateModified":"2023-05-24T09:34:34+00:00","description":"Aknad Tallinnas, Aknad Mustam\u00e4el, PVC aknad, Plastaknad, Plastikaknad, PVC uksed","breadcrumb":{"@id":"https:\/\/aknakoda.ee\/en\/contact\/tallinn-mustamae\/#breadcrumb"},"inLanguage":"en-US","potentialAction":[{"@type":"ReadAction","target":["https:\/\/aknakoda.ee\/en\/contact\/tallinn-mustamae\/"]}]},{"@type":"ImageObject","inLanguage":"en-US","@id":"https:\/\/aknakoda.ee\/en\/contact\/tallinn-mustamae\/#primaryimage","url":"https:\/\/aknakoda.ee\/wp-content\/uploads\/2017\/08\/Sirle_Lugima_Mustamae_esindus.jpg","contentUrl":"https:\/\/aknakoda.ee\/wp-content\/uploads\/2017\/08\/Sirle_Lugima_Mustamae_esindus.jpg"},{"@type":"BreadcrumbList","@id":"https:\/\/aknakoda.ee\/en\/contact\/tallinn-mustamae\/#breadcrumb","itemListElement":[{"@type":"ListItem","position":1,"name":"Home","item":"https:\/\/aknakoda.ee\/en\/"},{"@type":"ListItem","position":2,"name":"Contact","item":"https:\/\/aknakoda.ee\/en\/contact\/"},{"@type":"ListItem","position":3,"name":"Tallinn"}]},{"@type":"WebSite","@id":"https:\/\/aknakoda.ee\/#website","url":"https:\/\/aknakoda.ee\/","name":"Aknakoda","description":"Plastikakende ja plastakende m\u00fc\u00fck - Aknakoda","potentialAction":[{"@type":"SearchAction","target":{"@type":"EntryPoint","urlTemplate":"https:\/\/aknakoda.ee\/?s={search_term_string}"},"query-input":{"@type":"PropertyValueSpecification","valueRequired":true,"valueName":"search_term_string"}}],"inLanguage":"en-US"}]}},"_links":{"self":[{"href":"https:\/\/aknakoda.ee\/en\/wp-json\/wp\/v2\/pages\/12559","targetHints":{"allow":["GET"]}}],"collection":[{"href":"https:\/\/aknakoda.ee\/en\/wp-json\/wp\/v2\/pages"}],"about":[{"href":"https:\/\/aknakoda.ee\/en\/wp-json\/wp\/v2\/types\/page"}],"author":[{"embeddable":true,"href":"https:\/\/aknakoda.ee\/en\/wp-json\/wp\/v2\/users\/2"}],"replies":[{"embeddable":true,"href":"https:\/\/aknakoda.ee\/en\/wp-json\/wp\/v2\/comments?post=12559"}],"version-history":[{"count":91,"href":"https:\/\/aknakoda.ee\/en\/wp-json\/wp\/v2\/pages\/12559\/revisions"}],"predecessor-version":[{"id":35555,"href":"https:\/\/aknakoda.ee\/en\/wp-json\/wp\/v2\/pages\/12559\/revisions\/35555"}],"up":[{"embeddable":true,"href":"https:\/\/aknakoda.ee\/en\/wp-json\/wp\/v2\/pages\/12732"}],"wp:attachment":[{"href":"https:\/\/aknakoda.ee\/en\/wp-json\/wp\/v2\/media?parent=12559"}],"curies":[{"name":"wp","href":"https:\/\/api.w.org\/{rel}","templated":true}]}}