{"id":12566,"date":"2017-06-07T10:17:39","date_gmt":"2017-06-07T07:17:39","guid":{"rendered":"https:\/\/aknakoda.ee\/parnu\/"},"modified":"2024-08-12T15:42:09","modified_gmt":"2024-08-12T12:42:09","slug":"parnu","status":"publish","type":"page","link":"https:\/\/aknakoda.ee\/en\/contact\/parnu\/","title":{"rendered":"P\u00e4rnu"},"content":{"rendered":"\t\t<div data-elementor-type=\"wp-post\" data-elementor-id=\"12566\" class=\"elementor elementor-12566 elementor-12332\">\n\t\t\t\t\t\t<section class=\"elementor-section elementor-top-section elementor-element elementor-element-o8vewhs elementor-section-full_width elementor-section-height-default elementor-section-height-default\" data-id=\"o8vewhs\" data-element_type=\"section\">\n\t\t\t\t\t\t<div class=\"elementor-container elementor-column-gap-wider\">\n\t\t\t\t\t<div class=\"elementor-column elementor-col-66 elementor-top-column elementor-element elementor-element-d3md6hw\" data-id=\"d3md6hw\" data-element_type=\"column\">\n\t\t\t<div class=\"elementor-widget-wrap elementor-element-populated\">\n\t\t\t\t\t\t<section class=\"elementor-section elementor-inner-section elementor-element elementor-element-pquicbz elementor-section-boxed elementor-section-height-default elementor-section-height-default\" data-id=\"pquicbz\" data-element_type=\"section\">\n\t\t\t\t\t\t<div class=\"elementor-container elementor-column-gap-default\">\n\t\t\t\t\t<div class=\"elementor-column elementor-col-50 elementor-inner-column elementor-element elementor-element-vumpg52\" data-id=\"vumpg52\" data-element_type=\"column\">\n\t\t\t<div class=\"elementor-widget-wrap elementor-element-populated\">\n\t\t\t\t\t\t<div class=\"elementor-element elementor-element-0njo3tz elementor-widget elementor-widget-text-editor\" data-id=\"0njo3tz\" data-element_type=\"widget\" data-widget_type=\"text-editor.default\">\n\t\t\t\t<div class=\"elementor-widget-container\">\n\t\t\t\t\t\t\t\t\t<p><strong>P\u00e4rnu KESKLINNA m\u00fc\u00fcgiesindus<\/strong><\/p><p>Lai 10 P\u00e4rnu, 80010<\/p><div id=\"kontakt_sisu\"><p>e-post: <a href=\"mailto:parnu@aknakoda.ee\">parnu@aknakoda.ee<\/a><br \/>Avatud:\u00a0 E-R 9.00-18.00\u00a0 \u00a0 \u00a0 \u00a0 \u00a0 \u00a0 \u00a0 \u00a0 \u00a0 \u00a0 \u00a0 \u00a0 \u00a0 \u00a0 \u00a0 \u00a0 \u00a0 \u00a0 \u00a0 \u00a0 \u00a0 \u00a0 \u00a0 \u00a0 \u00a0 \u00a0 L- P suletud.<\/p><\/div>\t\t\t\t\t\t\t\t<\/div>\n\t\t\t\t<\/div>\n\t\t\t\t\t<\/div>\n\t\t<\/div>\n\t\t\t\t<div class=\"elementor-column elementor-col-50 elementor-inner-column elementor-element elementor-element-zjlqw74\" data-id=\"zjlqw74\" data-element_type=\"column\">\n\t\t\t<div class=\"elementor-widget-wrap\">\n\t\t\t\t\t\t\t<\/div>\n\t\t<\/div>\n\t\t\t\t\t<\/div>\n\t\t<\/section>\n\t\t\t\t<section class=\"elementor-section elementor-inner-section elementor-element elementor-element-40n7vcf elementor-section-boxed elementor-section-height-default elementor-section-height-default\" data-id=\"40n7vcf\" data-element_type=\"section\">\n\t\t\t\t\t\t<div class=\"elementor-container elementor-column-gap-default\">\n\t\t\t\t\t<div class=\"elementor-column elementor-col-50 elementor-inner-column elementor-element elementor-element-meyvlio\" data-id=\"meyvlio\" data-element_type=\"column\">\n\t\t\t<div class=\"elementor-widget-wrap elementor-element-populated\">\n\t\t\t\t\t\t<div class=\"elementor-element elementor-element-xblw6py elementor-widget elementor-widget-text-editor\" data-id=\"xblw6py\" data-element_type=\"widget\" data-widget_type=\"text-editor.default\">\n\t\t\t\t<div class=\"elementor-widget-container\">\n\t\t\t\t\t\t\t\t\t<p><strong><img decoding=\"async\" class=\"alignleft size-full wp-image-13803\" src=\"https:\/\/aknakoda.ee\/wp-content\/uploads\/2017\/07\/Kirge_Kuus-Parnu.jpg\" alt=\"\" width=\"150\" height=\"175\" \/>Kirge Kuus<\/strong><br \/>M\u00fc\u00fcgisekret\u00e4r<br \/>Tel.\u00a0+372 51 15 199<\/p><p><span style=\"color: #0000ee;\"><strong><u><a href=\"mailto:parnu@aknakoda.ee\">parnu@aknakoda.ee<\/a><\/u><\/strong><\/span><\/p>\t\t\t\t\t\t\t\t<\/div>\n\t\t\t\t<\/div>\n\t\t\t\t\t<\/div>\n\t\t<\/div>\n\t\t\t\t<div class=\"elementor-column elementor-col-50 elementor-inner-column elementor-element elementor-element-6y0zmp3\" data-id=\"6y0zmp3\" data-element_type=\"column\">\n\t\t\t<div class=\"elementor-widget-wrap elementor-element-populated\">\n\t\t\t\t\t\t<div class=\"elementor-element elementor-element-77gq64e elementor-widget elementor-widget-text-editor\" data-id=\"77gq64e\" data-element_type=\"widget\" data-widget_type=\"text-editor.default\">\n\t\t\t\t<div class=\"elementor-widget-container\">\n\t\t\t\t\t\t\t\t\t<p><strong><img decoding=\"async\" class=\"alignleft size-full wp-image-13794\" src=\"https:\/\/aknakoda.ee\/wp-content\/uploads\/2017\/07\/Raul_Vanatoa-2.jpg\" alt=\"\" width=\"150\" height=\"175\" \/>Raul Vanatoa<\/strong><br \/>M\u00fc\u00fcgiesindaja<br \/>Tel.\u00a0+372 50 69 242<\/p><p><strong><a href=\"mailto:raul.vanatoa@aknakoda.ee\">raul.vanatoa@aknakoda.ee<\/a><\/strong><\/p>\t\t\t\t\t\t\t\t<\/div>\n\t\t\t\t<\/div>\n\t\t\t\t\t<\/div>\n\t\t<\/div>\n\t\t\t\t\t<\/div>\n\t\t<\/section>\n\t\t\t\t<section class=\"elementor-section elementor-inner-section elementor-element elementor-element-5e46c3d elementor-section-boxed elementor-section-height-default elementor-section-height-default\" data-id=\"5e46c3d\" data-element_type=\"section\">\n\t\t\t\t\t\t<div class=\"elementor-container elementor-column-gap-default\">\n\t\t\t\t\t<div class=\"elementor-column elementor-col-50 elementor-inner-column elementor-element elementor-element-5e6b028\" data-id=\"5e6b028\" data-element_type=\"column\">\n\t\t\t<div class=\"elementor-widget-wrap elementor-element-populated\">\n\t\t\t\t\t\t<div class=\"elementor-element elementor-element-c207c78 elementor-widget elementor-widget-text-editor\" data-id=\"c207c78\" data-element_type=\"widget\" data-widget_type=\"text-editor.default\">\n\t\t\t\t<div class=\"elementor-widget-container\">\n\t\t\t\t\t\t\t\t\t<p><strong>P\u00e4rnu PEAKONTORI m\u00fc\u00fcgiesindus<\/strong><\/p><p>P\u00e4rlim\u00f5isa tee 27, P\u00e4rnu, 80010<\/p><p>Tel. +372 59 19 5661<\/p><p>Avatud: E-R 8.00-17.00, l\u00f5una 12.00 &#8211; 13.00<\/p><p>L- P suletud.<\/p>\t\t\t\t\t\t\t\t<\/div>\n\t\t\t\t<\/div>\n\t\t\t\t\t<\/div>\n\t\t<\/div>\n\t\t\t\t<div class=\"elementor-column elementor-col-50 elementor-inner-column elementor-element elementor-element-c17224b\" data-id=\"c17224b\" data-element_type=\"column\">\n\t\t\t<div class=\"elementor-widget-wrap\">\n\t\t\t\t\t\t\t<\/div>\n\t\t<\/div>\n\t\t\t\t\t<\/div>\n\t\t<\/section>\n\t\t\t\t<section class=\"elementor-section elementor-inner-section elementor-element elementor-element-3b5ca27 elementor-section-boxed elementor-section-height-default elementor-section-height-default\" data-id=\"3b5ca27\" data-element_type=\"section\">\n\t\t\t\t\t\t<div class=\"elementor-container elementor-column-gap-default\">\n\t\t\t\t\t<div class=\"elementor-column elementor-col-50 elementor-inner-column elementor-element elementor-element-f38f341\" data-id=\"f38f341\" data-element_type=\"column\">\n\t\t\t<div class=\"elementor-widget-wrap elementor-element-populated\">\n\t\t\t\t\t\t<div class=\"elementor-element elementor-element-d193563 elementor-widget elementor-widget-text-editor\" data-id=\"d193563\" data-element_type=\"widget\" data-widget_type=\"text-editor.default\">\n\t\t\t\t<div class=\"elementor-widget-container\">\n\t\t\t\t\t\t\t\t\t<p><strong><img decoding=\"async\" class=\"alignleft size-full wp-image-13800\" src=\"https:\/\/aknakoda.ee\/wp-content\/uploads\/2017\/07\/Esta_Raudam-Tartu-esindus.jpg\" alt=\"\" width=\"150\" height=\"175\" \/>Esta Raudam<\/strong><br \/>M\u00fc\u00fcgisekret\u00e4r<br \/>Tel.\u00a0+372 59 19 5661<\/p><p><span style=\"color: #0000ee;\"><strong><u><a href=\"mailto:esta.raudam@aknakoda.ee\">esta.raudam@aknakoda.ee<\/a><\/u><\/strong><\/span><\/p>\t\t\t\t\t\t\t\t<\/div>\n\t\t\t\t<\/div>\n\t\t\t\t\t<\/div>\n\t\t<\/div>\n\t\t\t\t<div class=\"elementor-column elementor-col-50 elementor-inner-column elementor-element elementor-element-f3cdecf\" data-id=\"f3cdecf\" data-element_type=\"column\">\n\t\t\t<div class=\"elementor-widget-wrap elementor-element-populated\">\n\t\t\t\t\t\t<div class=\"elementor-element elementor-element-kngc3ob elementor-widget elementor-widget-text-editor\" data-id=\"kngc3ob\" data-element_type=\"widget\" data-widget_type=\"text-editor.default\">\n\t\t\t\t<div class=\"elementor-widget-container\">\n\t\t\t\t\t\t\t\t\t<p><strong><img loading=\"lazy\" decoding=\"async\" class=\"alignleft size-full wp-image-13800\" src=\"https:\/\/aknakoda.ee\/wp-content\/uploads\/2017\/07\/Marko_Erismaa-Parnu_esindus.jpg\" alt=\"\" width=\"150\" height=\"175\" \/>Marko Erismaa<\/strong><\/p><div id=\"kontakt_sisu\"><p>Paigaldusjuht<br \/>Tel. +372 55 29188<\/p><p><strong><a href=\"mailto:marko.erismaa@aknakoda.ee\">marko.erismaa@aknakoda.ee<\/a><\/strong><\/p><\/div>\t\t\t\t\t\t\t\t<\/div>\n\t\t\t\t<\/div>\n\t\t\t\t\t<\/div>\n\t\t<\/div>\n\t\t\t\t\t<\/div>\n\t\t<\/section>\n\t\t\t\t\t<\/div>\n\t\t<\/div>\n\t\t\t\t<div class=\"elementor-column elementor-col-33 elementor-top-column elementor-element elementor-element-0yjwh8i\" data-id=\"0yjwh8i\" data-element_type=\"column\">\n\t\t\t<div class=\"elementor-widget-wrap elementor-element-populated\">\n\t\t\t\t\t\t<div class=\"elementor-element elementor-element-vuquun6 elementor-widget elementor-widget-google_maps\" data-id=\"vuquun6\" data-element_type=\"widget\" data-widget_type=\"google_maps.default\">\n\t\t\t\t<div class=\"elementor-widget-container\">\n\t\t\t\t\t\t\t<div class=\"elementor-custom-embed\">\n\t\t\t<iframe loading=\"lazy\"\n\t\t\t\t\tsrc=\"https:\/\/maps.google.com\/maps?q=Lai%2010%20P%C3%A4rnu%2C%2080010&#038;t=m&#038;z=12&#038;output=embed&#038;iwloc=near\"\n\t\t\t\t\ttitle=\"Lai 10 P\u00e4rnu, 80010\"\n\t\t\t\t\taria-label=\"Lai 10 P\u00e4rnu, 80010\"\n\t\t\t><\/iframe>\n\t\t<\/div>\n\t\t\t\t\t\t<\/div>\n\t\t\t\t<\/div>\n\t\t\t\t<div class=\"elementor-element elementor-element-s6aeznd elementor-widget elementor-widget-html\" data-id=\"s6aeznd\" data-element_type=\"widget\" data-widget_type=\"html.default\">\n\t\t\t\t<div class=\"elementor-widget-container\">\n\t\t\t\t\t<iframe src=\"https:\/\/www.google.com\/maps\/embed?pb=!1m0!3m2!1sen!2see!4v1491480388237!6m8!1m7!1s6LfD2T9ZUKDQdRUki_Wj5A!2m2!1d58.38798395248634!2d24.50455347014642!3f270!4f0!5f0.7820865974627469\" width=\"100%\" height=\"300\" frameborder=\"0\" style=\"border:0\" allowfullscreen><\/iframe>\t\t\t\t<\/div>\n\t\t\t\t<\/div>\n\t\t\t\t<div class=\"elementor-element elementor-element-1034c8d elementor-widget elementor-widget-google_maps\" data-id=\"1034c8d\" data-element_type=\"widget\" data-widget_type=\"google_maps.default\">\n\t\t\t\t<div class=\"elementor-widget-container\">\n\t\t\t\t\t\t\t<div class=\"elementor-custom-embed\">\n\t\t\t<iframe loading=\"lazy\"\n\t\t\t\t\tsrc=\"https:\/\/maps.google.com\/maps?q=P%C3%A4rlim%C3%B5isa%20tee%2027%2C%20P%C3%A4rnu%2C%2080010&#038;t=m&#038;z=12&#038;output=embed&#038;iwloc=near\"\n\t\t\t\t\ttitle=\"P\u00e4rlim\u00f5isa tee 27, P\u00e4rnu, 80010\"\n\t\t\t\t\taria-label=\"P\u00e4rlim\u00f5isa tee 27, P\u00e4rnu, 80010\"\n\t\t\t><\/iframe>\n\t\t<\/div>\n\t\t\t\t\t\t<\/div>\n\t\t\t\t<\/div>\n\t\t\t\t\t<\/div>\n\t\t<\/div>\n\t\t\t\t\t<\/div>\n\t\t<\/section>\n\t\t\t\t<section class=\"elementor-section elementor-top-section elementor-element elementor-element-1584b20 elementor-section-full_width elementor-section-height-default elementor-section-height-default\" data-id=\"1584b20\" data-element_type=\"section\">\n\t\t\t\t\t\t<div class=\"elementor-container elementor-column-gap-wider\">\n\t\t\t\t\t<div class=\"elementor-column elementor-col-50 elementor-top-column elementor-element elementor-element-41d5df4\" data-id=\"41d5df4\" data-element_type=\"column\">\n\t\t\t<div class=\"elementor-widget-wrap\">\n\t\t\t\t\t\t\t<\/div>\n\t\t<\/div>\n\t\t\t\t<div class=\"elementor-column elementor-col-50 elementor-top-column elementor-element elementor-element-2af7f5c\" data-id=\"2af7f5c\" data-element_type=\"column\">\n\t\t\t<div class=\"elementor-widget-wrap\">\n\t\t\t\t\t\t\t<\/div>\n\t\t<\/div>\n\t\t\t\t\t<\/div>\n\t\t<\/section>\n\t\t\t\t<\/div>\n\t\t","protected":false},"excerpt":{"rendered":"<p>P\u00e4rnu KESKLINNA m\u00fc\u00fcgiesindus Lai 10 P\u00e4rnu, 80010 e-post: parnu@aknakoda.eeAvatud:\u00a0 E-R 9.00-18.00\u00a0 \u00a0 \u00a0 \u00a0 \u00a0 \u00a0 \u00a0 \u00a0 \u00a0 \u00a0 \u00a0 \u00a0 \u00a0 \u00a0 \u00a0 \u00a0 \u00a0 \u00a0 \u00a0 \u00a0 \u00a0 \u00a0 \u00a0 \u00a0 \u00a0 \u00a0 L- P suletud. Kirge KuusM\u00fc\u00fcgisekret\u00e4rTel.\u00a0+372 51 15 199 parnu@aknakoda.ee&#8230;<\/p>\n","protected":false},"author":2,"featured_media":0,"parent":12732,"menu_order":1,"comment_status":"closed","ping_status":"closed","template":"templates\/contact-single.php","meta":{"_acf_changed":false,"footnotes":""},"class_list":["post-12566","page","type-page","status-publish","hentry"],"acf":[],"yoast_head":"<!-- This site is optimized with the Yoast SEO plugin v25.7 - https:\/\/yoast.com\/wordpress\/plugins\/seo\/ -->\n<title>Aknad P\u00e4rnus | PVC-aknad | PVC uksed P\u00e4rnus | Plastaknad | Plastikaknad - Aknakoda<\/title>\n<meta name=\"description\" content=\"Aknad P\u00e4rnus, PVC-aknad, PVC uksed P\u00e4rnus, Plastaknad, Plastikaknad\" \/>\n<meta name=\"robots\" content=\"index, follow, max-snippet:-1, max-image-preview:large, max-video-preview:-1\" \/>\n<link rel=\"canonical\" href=\"https:\/\/aknakoda.ee\/en\/contact\/parnu\/\" \/>\n<meta property=\"og:locale\" content=\"en_US\" \/>\n<meta property=\"og:type\" content=\"article\" \/>\n<meta property=\"og:title\" content=\"Aknad P\u00e4rnus | PVC-aknad | PVC uksed P\u00e4rnus | Plastaknad | Plastikaknad - Aknakoda\" \/>\n<meta property=\"og:description\" content=\"Aknad P\u00e4rnus, PVC-aknad, PVC uksed P\u00e4rnus, Plastaknad, Plastikaknad\" \/>\n<meta property=\"og:url\" content=\"https:\/\/aknakoda.ee\/en\/contact\/parnu\/\" \/>\n<meta property=\"og:site_name\" content=\"Aknakoda\" \/>\n<meta property=\"article:publisher\" content=\"https:\/\/www.facebook.com\/aknakoda\/\" \/>\n<meta property=\"article:modified_time\" content=\"2024-08-12T12:42:09+00:00\" \/>\n<meta property=\"og:image\" content=\"https:\/\/aknakoda.ee\/wp-content\/uploads\/2017\/07\/Kirge_Kuus-Parnu.jpg\" \/>\n<meta name=\"twitter:card\" content=\"summary_large_image\" \/>\n<script type=\"application\/ld+json\" class=\"yoast-schema-graph\">{\"@context\":\"https:\/\/schema.org\",\"@graph\":[{\"@type\":\"WebPage\",\"@id\":\"https:\/\/aknakoda.ee\/en\/contact\/parnu\/\",\"url\":\"https:\/\/aknakoda.ee\/en\/contact\/parnu\/\",\"name\":\"Aknad P\u00e4rnus | PVC-aknad | PVC uksed P\u00e4rnus | Plastaknad | Plastikaknad - Aknakoda\",\"isPartOf\":{\"@id\":\"https:\/\/aknakoda.ee\/#website\"},\"primaryImageOfPage\":{\"@id\":\"https:\/\/aknakoda.ee\/en\/contact\/parnu\/#primaryimage\"},\"image\":{\"@id\":\"https:\/\/aknakoda.ee\/en\/contact\/parnu\/#primaryimage\"},\"thumbnailUrl\":\"https:\/\/aknakoda.ee\/wp-content\/uploads\/2017\/07\/Kirge_Kuus-Parnu.jpg\",\"datePublished\":\"2017-06-07T07:17:39+00:00\",\"dateModified\":\"2024-08-12T12:42:09+00:00\",\"description\":\"Aknad P\u00e4rnus, PVC-aknad, PVC uksed P\u00e4rnus, Plastaknad, Plastikaknad\",\"breadcrumb\":{\"@id\":\"https:\/\/aknakoda.ee\/en\/contact\/parnu\/#breadcrumb\"},\"inLanguage\":\"en-US\",\"potentialAction\":[{\"@type\":\"ReadAction\",\"target\":[\"https:\/\/aknakoda.ee\/en\/contact\/parnu\/\"]}]},{\"@type\":\"ImageObject\",\"inLanguage\":\"en-US\",\"@id\":\"https:\/\/aknakoda.ee\/en\/contact\/parnu\/#primaryimage\",\"url\":\"https:\/\/aknakoda.ee\/wp-content\/uploads\/2017\/07\/Kirge_Kuus-Parnu.jpg\",\"contentUrl\":\"https:\/\/aknakoda.ee\/wp-content\/uploads\/2017\/07\/Kirge_Kuus-Parnu.jpg\"},{\"@type\":\"BreadcrumbList\",\"@id\":\"https:\/\/aknakoda.ee\/en\/contact\/parnu\/#breadcrumb\",\"itemListElement\":[{\"@type\":\"ListItem\",\"position\":1,\"name\":\"Home\",\"item\":\"https:\/\/aknakoda.ee\/en\/\"},{\"@type\":\"ListItem\",\"position\":2,\"name\":\"Contact\",\"item\":\"https:\/\/aknakoda.ee\/en\/contact\/\"},{\"@type\":\"ListItem\",\"position\":3,\"name\":\"P\u00e4rnu\"}]},{\"@type\":\"WebSite\",\"@id\":\"https:\/\/aknakoda.ee\/#website\",\"url\":\"https:\/\/aknakoda.ee\/\",\"name\":\"Aknakoda\",\"description\":\"Plastikakende ja plastakende m\u00fc\u00fck - Aknakoda\",\"potentialAction\":[{\"@type\":\"SearchAction\",\"target\":{\"@type\":\"EntryPoint\",\"urlTemplate\":\"https:\/\/aknakoda.ee\/?s={search_term_string}\"},\"query-input\":{\"@type\":\"PropertyValueSpecification\",\"valueRequired\":true,\"valueName\":\"search_term_string\"}}],\"inLanguage\":\"en-US\"}]}<\/script>\n<!-- \/ Yoast SEO plugin. -->","yoast_head_json":{"title":"Aknad P\u00e4rnus | PVC-aknad | PVC uksed P\u00e4rnus | Plastaknad | Plastikaknad - Aknakoda","description":"Aknad P\u00e4rnus, PVC-aknad, PVC uksed P\u00e4rnus, Plastaknad, Plastikaknad","robots":{"index":"index","follow":"follow","max-snippet":"max-snippet:-1","max-image-preview":"max-image-preview:large","max-video-preview":"max-video-preview:-1"},"canonical":"https:\/\/aknakoda.ee\/en\/contact\/parnu\/","og_locale":"en_US","og_type":"article","og_title":"Aknad P\u00e4rnus | PVC-aknad | PVC uksed P\u00e4rnus | Plastaknad | Plastikaknad - Aknakoda","og_description":"Aknad P\u00e4rnus, PVC-aknad, PVC uksed P\u00e4rnus, Plastaknad, Plastikaknad","og_url":"https:\/\/aknakoda.ee\/en\/contact\/parnu\/","og_site_name":"Aknakoda","article_publisher":"https:\/\/www.facebook.com\/aknakoda\/","article_modified_time":"2024-08-12T12:42:09+00:00","og_image":[{"url":"https:\/\/aknakoda.ee\/wp-content\/uploads\/2017\/07\/Kirge_Kuus-Parnu.jpg","type":"","width":"","height":""}],"twitter_card":"summary_large_image","schema":{"@context":"https:\/\/schema.org","@graph":[{"@type":"WebPage","@id":"https:\/\/aknakoda.ee\/en\/contact\/parnu\/","url":"https:\/\/aknakoda.ee\/en\/contact\/parnu\/","name":"Aknad P\u00e4rnus | PVC-aknad | PVC uksed P\u00e4rnus | Plastaknad | Plastikaknad - Aknakoda","isPartOf":{"@id":"https:\/\/aknakoda.ee\/#website"},"primaryImageOfPage":{"@id":"https:\/\/aknakoda.ee\/en\/contact\/parnu\/#primaryimage"},"image":{"@id":"https:\/\/aknakoda.ee\/en\/contact\/parnu\/#primaryimage"},"thumbnailUrl":"https:\/\/aknakoda.ee\/wp-content\/uploads\/2017\/07\/Kirge_Kuus-Parnu.jpg","datePublished":"2017-06-07T07:17:39+00:00","dateModified":"2024-08-12T12:42:09+00:00","description":"Aknad P\u00e4rnus, PVC-aknad, PVC uksed P\u00e4rnus, Plastaknad, Plastikaknad","breadcrumb":{"@id":"https:\/\/aknakoda.ee\/en\/contact\/parnu\/#breadcrumb"},"inLanguage":"en-US","potentialAction":[{"@type":"ReadAction","target":["https:\/\/aknakoda.ee\/en\/contact\/parnu\/"]}]},{"@type":"ImageObject","inLanguage":"en-US","@id":"https:\/\/aknakoda.ee\/en\/contact\/parnu\/#primaryimage","url":"https:\/\/aknakoda.ee\/wp-content\/uploads\/2017\/07\/Kirge_Kuus-Parnu.jpg","contentUrl":"https:\/\/aknakoda.ee\/wp-content\/uploads\/2017\/07\/Kirge_Kuus-Parnu.jpg"},{"@type":"BreadcrumbList","@id":"https:\/\/aknakoda.ee\/en\/contact\/parnu\/#breadcrumb","itemListElement":[{"@type":"ListItem","position":1,"name":"Home","item":"https:\/\/aknakoda.ee\/en\/"},{"@type":"ListItem","position":2,"name":"Contact","item":"https:\/\/aknakoda.ee\/en\/contact\/"},{"@type":"ListItem","position":3,"name":"P\u00e4rnu"}]},{"@type":"WebSite","@id":"https:\/\/aknakoda.ee\/#website","url":"https:\/\/aknakoda.ee\/","name":"Aknakoda","description":"Plastikakende ja plastakende m\u00fc\u00fck - Aknakoda","potentialAction":[{"@type":"SearchAction","target":{"@type":"EntryPoint","urlTemplate":"https:\/\/aknakoda.ee\/?s={search_term_string}"},"query-input":{"@type":"PropertyValueSpecification","valueRequired":true,"valueName":"search_term_string"}}],"inLanguage":"en-US"}]}},"_links":{"self":[{"href":"https:\/\/aknakoda.ee\/en\/wp-json\/wp\/v2\/pages\/12566","targetHints":{"allow":["GET"]}}],"collection":[{"href":"https:\/\/aknakoda.ee\/en\/wp-json\/wp\/v2\/pages"}],"about":[{"href":"https:\/\/aknakoda.ee\/en\/wp-json\/wp\/v2\/types\/page"}],"author":[{"embeddable":true,"href":"https:\/\/aknakoda.ee\/en\/wp-json\/wp\/v2\/users\/2"}],"replies":[{"embeddable":true,"href":"https:\/\/aknakoda.ee\/en\/wp-json\/wp\/v2\/comments?post=12566"}],"version-history":[{"count":29,"href":"https:\/\/aknakoda.ee\/en\/wp-json\/wp\/v2\/pages\/12566\/revisions"}],"predecessor-version":[{"id":39110,"href":"https:\/\/aknakoda.ee\/en\/wp-json\/wp\/v2\/pages\/12566\/revisions\/39110"}],"up":[{"embeddable":true,"href":"https:\/\/aknakoda.ee\/en\/wp-json\/wp\/v2\/pages\/12732"}],"wp:attachment":[{"href":"https:\/\/aknakoda.ee\/en\/wp-json\/wp\/v2\/media?parent=12566"}],"curies":[{"name":"wp","href":"https:\/\/api.w.org\/{rel}","templated":true}]}}