{"id":12571,"date":"2017-06-07T08:37:56","date_gmt":"2017-06-07T05:37:56","guid":{"rendered":"https:\/\/aknakoda.ee\/tehtud-objektid\/"},"modified":"2025-06-20T15:50:52","modified_gmt":"2025-06-20T12:50:52","slug":"projects","status":"publish","type":"page","link":"https:\/\/aknakoda.ee\/en\/portfolio\/projects\/","title":{"rendered":"Projects"},"content":{"rendered":"\t\t<div data-elementor-type=\"wp-post\" data-elementor-id=\"12571\" class=\"elementor elementor-12571 elementor-12323\">\n\t\t\t\t\t\t<section class=\"elementor-section elementor-top-section elementor-element elementor-element-5frf3eh elementor-section-boxed elementor-section-height-default elementor-section-height-default\" data-id=\"5frf3eh\" data-element_type=\"section\">\n\t\t\t\t\t\t<div class=\"elementor-container elementor-column-gap-default\">\n\t\t\t\t\t<div class=\"elementor-column elementor-col-100 elementor-top-column elementor-element elementor-element-3ivacpl\" data-id=\"3ivacpl\" data-element_type=\"column\">\n\t\t\t<div class=\"elementor-widget-wrap elementor-element-populated\">\n\t\t\t\t\t\t<div class=\"elementor-element elementor-element-qqkp5t9 elementor-tabs-view-horizontal elementor-widget elementor-widget-tabs\" data-id=\"qqkp5t9\" data-element_type=\"widget\" data-widget_type=\"tabs.default\">\n\t\t\t\t<div class=\"elementor-widget-container\">\n\t\t\t\t\t\t\t<div class=\"elementor-tabs\">\n\t\t\t<div class=\"elementor-tabs-wrapper\" role=\"tablist\" >\n\t\t\t\t\t\t\t\t\t<div id=\"elementor-tab-title-891\" class=\"elementor-tab-title elementor-tab-desktop-title\" aria-selected=\"true\" data-tab=\"1\" role=\"tab\" tabindex=\"0\" aria-controls=\"elementor-tab-content-891\" aria-expanded=\"false\">2024<\/div>\n\t\t\t\t\t\t\t\t\t<div id=\"elementor-tab-title-892\" class=\"elementor-tab-title elementor-tab-desktop-title\" aria-selected=\"false\" data-tab=\"2\" role=\"tab\" tabindex=\"-1\" aria-controls=\"elementor-tab-content-892\" aria-expanded=\"false\">2017<\/div>\n\t\t\t\t\t\t\t\t\t<div id=\"elementor-tab-title-893\" class=\"elementor-tab-title elementor-tab-desktop-title\" aria-selected=\"false\" data-tab=\"3\" role=\"tab\" tabindex=\"-1\" aria-controls=\"elementor-tab-content-893\" aria-expanded=\"false\">2016<\/div>\n\t\t\t\t\t\t\t\t\t<div id=\"elementor-tab-title-894\" class=\"elementor-tab-title elementor-tab-desktop-title\" aria-selected=\"false\" data-tab=\"4\" role=\"tab\" tabindex=\"-1\" aria-controls=\"elementor-tab-content-894\" aria-expanded=\"false\">2015<\/div>\n\t\t\t\t\t\t\t\t\t<div id=\"elementor-tab-title-895\" class=\"elementor-tab-title elementor-tab-desktop-title\" aria-selected=\"false\" data-tab=\"5\" role=\"tab\" tabindex=\"-1\" aria-controls=\"elementor-tab-content-895\" aria-expanded=\"false\">2014<\/div>\n\t\t\t\t\t\t\t\t\t<div id=\"elementor-tab-title-896\" class=\"elementor-tab-title elementor-tab-desktop-title\" aria-selected=\"false\" data-tab=\"6\" role=\"tab\" tabindex=\"-1\" aria-controls=\"elementor-tab-content-896\" aria-expanded=\"false\">2013<\/div>\n\t\t\t\t\t\t\t\t\t<div id=\"elementor-tab-title-897\" class=\"elementor-tab-title elementor-tab-desktop-title\" aria-selected=\"false\" data-tab=\"7\" role=\"tab\" tabindex=\"-1\" aria-controls=\"elementor-tab-content-897\" aria-expanded=\"false\">2012<\/div>\n\t\t\t\t\t\t\t\t\t<div id=\"elementor-tab-title-898\" class=\"elementor-tab-title elementor-tab-desktop-title\" aria-selected=\"false\" data-tab=\"8\" role=\"tab\" tabindex=\"-1\" aria-controls=\"elementor-tab-content-898\" aria-expanded=\"false\">2011<\/div>\n\t\t\t\t\t\t\t<\/div>\n\t\t\t<div class=\"elementor-tabs-content-wrapper\" role=\"tablist\" aria-orientation=\"vertical\">\n\t\t\t\t\t\t\t\t\t<div class=\"elementor-tab-title elementor-tab-mobile-title\" aria-selected=\"true\" data-tab=\"1\" role=\"tab\" tabindex=\"0\" aria-controls=\"elementor-tab-content-891\" aria-expanded=\"false\">2024<\/div>\n\t\t\t\t\t<div id=\"elementor-tab-content-891\" class=\"elementor-tab-content elementor-clearfix\" data-tab=\"1\" role=\"tabpanel\" aria-labelledby=\"elementor-tab-title-891\" tabindex=\"0\" hidden=\"false\"><p class=\"p1\">Tihase 29a korterelami (Tallinn)<\/p><p class=\"p1\">Keila haigla V2 korpuse rekonstrueerimine (Keila)<\/p><p class=\"p1\">Pikaliiva Kaarmajad, Pikaliiva 9 ja11 (Tallinn)<\/p><p class=\"p1\">Kastani 2 ja 4 korterelamud (Loo alevik)<\/p><p class=\"p1\">Aiandi 14 korterelamu (Tallinn)<\/p><p class=\"p1\">Looga 12 ja 13 kortermajad (Tallinn)<\/p><p class=\"p1\">Tormi 11\/1 korterelamu (Kiili alev)<\/p><p class=\"p1\">\u00d5ie 2 ja 4 korterelamud (J\u00fcri alevik)<\/p><p class=\"p1\">Luccaranna elamurajoon Hanijala 9\/1, 9\/2 ja Hansu 35 korterelamud (Tallinn)<\/p><p class=\"p2\">K\u00dc Oja 29 (P\u00e4rnu)<\/p><p class=\"p2\">Korterelamu Niidu 1b (P\u00e4rnu)<\/p><p class=\"p2\">Savi 13A-Intrac Eesti (P\u00e4rnu).<\/p><p class=\"p2\">K\u00dc M\u00e4nni 5, 7 ja 9 (P\u00e4rnu)<\/p><p class=\"p2\">Liiva 8d munitsipaalelamu (P\u00e4rnu)<\/p><p class=\"p2\">Kilingi-N\u00f5mme G\u00fcmnaasium (Kilingi-N\u00f5mme )<\/p><p class=\"p2\">K\u00dc P\u00e4rna 14 (M\u00e4rjamaa)<\/p><p class=\"p2\">K\u00dc Heltermaa mnt 29,K\u00e4rdla (Hiiumaa)<\/p><p class=\"p2\">K\u00dc M\u00e4e 7,K\u00e4rdla (Hiiumaa)<\/p><p class=\"p2\">K\u00dc M\u00e4e 5,K\u00e4rdla (Hiiumaa)<\/p><p class=\"p2\">K\u00fc Pikk 10 (P\u00e4rnu)<\/p><p class=\"p2\">Korterelamu Vahtra 10 (Sauga)<\/p><p class=\"p2\">\u00c4rihoone Metsa 26 (P\u00e4rnu)<\/p><p class=\"p2\">K\u00dc P\u00e4rnu mnt 62a (Sindi)<\/p><p class=\"p2\">K\u00dc P\u00e4rnu mnt 62b (Sindi)<\/p><p class=\"p2\">Malmi 8 Viljandi kortermaja<span class=\"Apple-converted-space\">\u00a0 <\/span>(Viljandi)<\/p><p class=\"p2\">Vilja 4 V\u00f5ru kortermaja (V\u00f5ru)<\/p><p class=\"p2\">P\u00f5lgaste k\u00fclakeskus (P\u00f5lva)<\/p><p class=\"p2\">Kase 14 L\u00e4hte kortermaja (Tartu maakond)<\/p><p class=\"p2\">W.E.G Tallinna hoone (Tallinn)<\/p><p class=\"p1\">Vahtra Hooldemaja MT\u00dc (Kivi\u00f5li, Ida-Virumaa)<\/p><p class=\"p1\">P\u00f5ltsamaa \u00dchisg\u00fcmnaasiumi t\u00f6\u00f6\u00f5petusmaja (P\u00f5ltsamaa).<\/p><\/div>\n\t\t\t\t\t\t\t\t\t<div class=\"elementor-tab-title elementor-tab-mobile-title\" aria-selected=\"false\" data-tab=\"2\" role=\"tab\" tabindex=\"-1\" aria-controls=\"elementor-tab-content-892\" aria-expanded=\"false\">2017<\/div>\n\t\t\t\t\t<div id=\"elementor-tab-content-892\" class=\"elementor-tab-content elementor-clearfix\" data-tab=\"2\" role=\"tabpanel\" aria-labelledby=\"elementor-tab-title-892\" tabindex=\"0\" hidden=\"hidden\"><p>Objektid lisamisel<\/p><\/div>\n\t\t\t\t\t\t\t\t\t<div class=\"elementor-tab-title elementor-tab-mobile-title\" aria-selected=\"false\" data-tab=\"3\" role=\"tab\" tabindex=\"-1\" aria-controls=\"elementor-tab-content-893\" aria-expanded=\"false\">2016<\/div>\n\t\t\t\t\t<div id=\"elementor-tab-content-893\" class=\"elementor-tab-content elementor-clearfix\" data-tab=\"3\" role=\"tabpanel\" aria-labelledby=\"elementor-tab-title-893\" tabindex=\"0\" hidden=\"hidden\"><p>*AS Matek korterelamu (Vesiranna tee 5, Tammiste, Sauga vald, P\u00e4rnumaa)<\/p><p>*Venevere Raamatukogu (L\u00e4\u00e4ne-Virumaa)<\/p><p>*Korteri\u00fchistu Reinu ( Viljandi)<\/p><p>*K\u00fc \u00c2 Toome 19 r\u00f5dud (Viljandi)\u00a0<\/p><p>*Korterelamu (V\u00e4ike \u2013Veski 24 P\u00e4rnu)<\/p><p>*Helmetal tootmishoone (Tihemetsa \u00c2 P\u00e4rnumaa)<\/p><p>*Vecta design tootmishoone (P\u00e4rlim\u00f5isa tee 20 P\u00e4rnu)<\/p><p>*Korterelamu R\u00e4\u00e4ma 15 (P\u00e4rnu)<\/p><p>* Korterelamu (Heki tee 12 Tallinn)<\/p><p>*P\u00e4rnu Tammsaare kool (P\u00e4rnu)<\/p><p>*P\u00e4rnu Raek\u00fcla kooli v\u00f5imla (P\u00e4rnu)<\/p><p>*Korterelamu Janneni 25 K\u00dc (P\u00e4rnu)\u00a0<\/p><p>*Tapa s\u00f5jav\u00e4elinnaku kasarmu\u00a0<\/p><p>*V\u00e4rska sanatoorium (P\u00f5lva maakond)<\/p><p>* Narva mnt. 89 \u00fchiselamu renoveerimine 2 etapp(Tartu)<\/p><\/div>\n\t\t\t\t\t\t\t\t\t<div class=\"elementor-tab-title elementor-tab-mobile-title\" aria-selected=\"false\" data-tab=\"4\" role=\"tab\" tabindex=\"-1\" aria-controls=\"elementor-tab-content-894\" aria-expanded=\"false\">2015<\/div>\n\t\t\t\t\t<div id=\"elementor-tab-content-894\" class=\"elementor-tab-content elementor-clearfix\" data-tab=\"4\" role=\"tabpanel\" aria-labelledby=\"elementor-tab-title-894\" tabindex=\"0\" hidden=\"hidden\"><p>*Rohuaia Lasteaed (Rakvere)<\/p><p>*Ristija Johannese Koguduse k\u00f5rvalhoone (Tapa)<\/p><p>*Lao- ja b\u00fcroohoone (Kirsi\u00c2 \u00a048, P\u00e4rnu)<\/p><p>*Sauga Vallavalitsuse v\u00f5imla\u00c2 \u00a0(Sauga vald\u00c2 \u00a0P\u00e4rnumaa)<\/p><p>*Katusepapi 12 korterelamu (Tallinn)<\/p><p>*K\u00dc Kuldne Kodu 5\u00c2 \u00a0trepikojad (P\u00e4rnu)<\/p><p>*P\u00e4rnu maavalitsuse hoone<\/p><p>*Lao- ja b\u00fcroohoone Savi 20 (P\u00e4rnu)<\/p><p>*Kilingi-N\u00f5mme M\u00dc B\u00fcroohooned (Kilingi-N\u00f5mme \u00c2 P\u00e4rnumaa)<\/p><p>*Ojako puhke- ja koolituskeskus (P\u00e4rnumaa)<\/p><p>*Raja ps\u00fchhiaatriakliiniku lasteosakond (Tartu)<\/p><p>*P\u00f5llumajandus \u00dclikooli veterinaaria labor(Tartu)<\/p><p>*K\u00dc Vaksali 3(Tartu)<\/p><\/div>\n\t\t\t\t\t\t\t\t\t<div class=\"elementor-tab-title elementor-tab-mobile-title\" aria-selected=\"false\" data-tab=\"5\" role=\"tab\" tabindex=\"-1\" aria-controls=\"elementor-tab-content-895\" aria-expanded=\"false\">2014<\/div>\n\t\t\t\t\t<div id=\"elementor-tab-content-895\" class=\"elementor-tab-content elementor-clearfix\" data-tab=\"5\" role=\"tabpanel\" aria-labelledby=\"elementor-tab-title-895\" tabindex=\"0\" hidden=\"hidden\"><p>*Kaare tee korterelamud (Harjumaa)<\/p><p>*K\u00dc Vahipargi 11; K\u00dc Aardla 140; K\u00dc M\u00e4rja 11 (Tartu)<\/p><p>*P\u00f5ltsamaa Veterinaarteenused O\u00dc hoone<\/p><p>*K\u00fclalistemaja ,,Peipsi Like House&#8221;<\/p><p>*P\u00e4rnu Raek\u00fcla Kooli algklasside maja\u00a0<\/p><p>*Paikuse Spordi- ja Tervisekeskus<\/p><p>*Ruukki P\u00e4rnu kontorihoone<\/p><p>*H\u00e4rma kaubahoov (P\u00e4rnu)<\/p><p>*Vajangu P\u00f5hikooli v\u00f5imla (L\u00e4\u00e4ne-Virumaa)<\/p><p>*Plastdetail O\u00dc tootmishoone (Rakvere)<\/p><p>*Gomab M\u00f6\u00f6bel AS tootmishoone (Valga)<\/p><p>*Liviko tootmishoone (Tallinn)<\/p><p>Alumiiniumist aknad, uksed ja klaasfassaadid:<\/p><p>*Tallegg tootmishoone juurdeehitus (Tallinn)<\/p><p>*Viimsi Olerex<\/p><p>*Tallinna Mehhaanikakool<\/p><p>*Kiiu lastead (Tallinn)<\/p><p>*Torparinm\u00e4ki kooli juurdeehitus (Helsinki)<\/p><p>*Kaare tee korterelamud (Harjumaa)<\/p><p>*Aruheina lasteaed (Harjumaa)<\/p><p>*United Motors m\u00fc\u00fcgiesindus (J\u00f5hvi)<\/p><p>*J\u00fcri Pallihall (Harjumaa)<\/p><p>*W\u00fcrth kontori-ja laohoone (Tallinn)<\/p><p>*V\u00f5ru tn.Statoil (Tartu)<\/p><p>*Maxima kauplus (V\u00f5idujooksu tn. Tallinn)<\/p><p>*Hedon SPA &amp; Hotel (P\u00e4rnu)<\/p><p>*S\u00fctevaka Humanitaarg\u00fcmnaasium (P\u00e4rnu)<\/p><p>*Comarket kauplused (2tk) (P\u00e4rnu)<\/p><p>*Sauga Konsum (P\u00e4rnumaa)<\/p><\/div>\n\t\t\t\t\t\t\t\t\t<div class=\"elementor-tab-title elementor-tab-mobile-title\" aria-selected=\"false\" data-tab=\"6\" role=\"tab\" tabindex=\"-1\" aria-controls=\"elementor-tab-content-896\" aria-expanded=\"false\">2013<\/div>\n\t\t\t\t\t<div id=\"elementor-tab-content-896\" class=\"elementor-tab-content elementor-clearfix\" data-tab=\"6\" role=\"tabpanel\" aria-labelledby=\"elementor-tab-title-896\" tabindex=\"0\" hidden=\"hidden\"><p>* Viljandi Aken ja Uks AS \u00a0tootmishoone \u00a0(Viljandi)<\/p><p>* K\u00dc T\u00f6\u00f6stuse 4 (Valga) \u00a0 \u00a0 \u00a0<\/p><p>* Eesti H\u00f6\u00f6velliist AS tootmishoone (Suure-Jaani)<\/p><p>* P\u00f5hja-eesti Regionaalhaigla verekeskus<\/p><p>* Tapa Mill O\u00dc tootmis-ja olmehoone (Tapa)<\/p><p>* K\u00dc Sinika 4; K\u00dc Anne 75; K\u00dc Pikk 86 (Tartu)<\/p><p>* ICO Park O\u00dc b\u00fcroo- ja laborihoone \u00a0(Tartu)<\/p><p>* Lumina Metall O\u00dc tootmishoone (Roiu)<\/p><p>* Otep\u00e4\u00e4 Konsum<\/p><p>* V\u00e4geva tugikodu (J\u00f5gevamaa)<\/p><p>* KV\u00dc\u00d5A Lahingukool (V\u00f5ru)<\/p><p>* Limnoloogiajaam (Rannu)<\/p><p>* AS Reldori Hostel (P\u00e4rnu)<\/p><p>* Mereveeru Looduskeskus (Tahkuranna vald)<\/p><p>* Ravispaahotell Tervis (P\u00e4rnu)<\/p><p>* Metaprint Tootmishoone (P\u00e4rnu)<\/p><p>* Tootsi Hoolekodu\u00a0<\/p><p>* P\u00e4rnu EEK tootmishoone (P\u00e4rnu)<\/p><p>* P\u00e4rnu Parkimismaja\u00a0<\/p><p>* SA P\u00e4rnu Haigla (k\u00f5rvalhoone rekonstrueerimine)<\/p><p>* TT\u00dc S\u00e4rghaua \u00d5ppekeskuse Renoveerimine (Kurgja)<\/p><p>* Audru Vallamaja\u00a0<\/p><p>* Vihtra P\u00e4evakeskus (V\u00e4ndra)<\/p><p>* Suigu Lasteaed<\/p><p>* Golfer O\u00dc hooldushoone (Tahkuranna)<\/p><p>* Muhu ja Ida-Saaremaa Sotsiaalkeskus<\/p><p>* Raek\u00fcla G\u00fcmnaasium (P\u00e4rnu)<\/p><p>* COMARKETi kauplusehoone (P\u00e4rnu)<\/p><\/div>\n\t\t\t\t\t\t\t\t\t<div class=\"elementor-tab-title elementor-tab-mobile-title\" aria-selected=\"false\" data-tab=\"7\" role=\"tab\" tabindex=\"-1\" aria-controls=\"elementor-tab-content-897\" aria-expanded=\"false\">2012<\/div>\n\t\t\t\t\t<div id=\"elementor-tab-content-897\" class=\"elementor-tab-content elementor-clearfix\" data-tab=\"7\" role=\"tabpanel\" aria-labelledby=\"elementor-tab-title-897\" tabindex=\"0\" hidden=\"hidden\"><p>* SA T\u00dc Kliinikumi Ps\u00fchhiaatriakliinik<\/p><p>* V\u00f5nnu Keskkool<\/p><p>* K\u00dc Anne 75, K\u00dc Jalaka 42, K\u00dc Aardla 130, K\u00dc Turu 19 (Tartu)<\/p><p>* K\u00dc Munam\u00e4e 18 (Otep\u00e4\u00e4)<\/p><p>* Kaerepere lasteaed\u00a0<\/p><p>* Kilingi-N\u00f5mme konsum<\/p><p>* H\u00e4\u00e4demeeste Tervisekeskus<\/p><p>* H\u00e4\u00e4demeeste Hooldekodu<\/p><p>* Ravispaahotell Tervis<\/p><p>* P\u00e4rnu Vene G\u00fcmnaasium<\/p><p>* AS Viisnurk peamaja ja tootmishoone<\/p><p>* Paikuse Politseikool<\/p><p>* Harju Maavalitsus<\/p><p>* Haljala Vallavalitsus<\/p><p>* Haapsalu Kutsehariduskeskus<\/p><p>* Kose Teeninduskool<\/p><p>* Eesti P\u00f5llumajandus-Kaubanduskoda<\/p><p>* Magdaleena polikliinik<\/p><p>* AUTO 24 P\u00e4rnu ringraja peahoone<\/p><p>* V\u00e4ndra peremajad<\/p><p>* Koonga Lasteaed<\/p><\/div>\n\t\t\t\t\t\t\t\t\t<div class=\"elementor-tab-title elementor-tab-mobile-title\" aria-selected=\"false\" data-tab=\"8\" role=\"tab\" tabindex=\"-1\" aria-controls=\"elementor-tab-content-898\" aria-expanded=\"false\">2011<\/div>\n\t\t\t\t\t<div id=\"elementor-tab-content-898\" class=\"elementor-tab-content elementor-clearfix\" data-tab=\"8\" role=\"tabpanel\" aria-labelledby=\"elementor-tab-title-898\" tabindex=\"0\" hidden=\"hidden\"><p>* TRK Viiking juurdeehituse \u00a0<\/p><p>* Matek AS tootmishoone\u00a0<\/p><p>* Tori lasteaed<\/p><p>* Lasteaed Pillerpall\u00a0<\/p><p>* P\u00e4rnu S\u00fctevaka Humanitaarg\u00fcmnaasium<\/p><\/div>\n\t\t\t\t\t\t\t<\/div>\n\t\t<\/div>\n\t\t\t\t\t\t<\/div>\n\t\t\t\t<\/div>\n\t\t\t\t\t<\/div>\n\t\t<\/div>\n\t\t\t\t\t<\/div>\n\t\t<\/section>\n\t\t\t\t<\/div>\n\t\t","protected":false},"excerpt":{"rendered":"<p>2024 2017 2016 2015 2014 2013 2012 2011 2024 Tihase 29a korterelami (Tallinn) Keila haigla V2 korpuse rekonstrueerimine (Keila) Pikaliiva Kaarmajad, Pikaliiva 9 ja11 (Tallinn) Kastani 2 ja 4 korterelamud (Loo alevik) Aiandi 14 korterelamu (Tallinn) Looga 12 ja 13 kortermajad (Tallinn) Tormi 11\/1 korterelamu&#8230;<\/p>\n","protected":false},"author":2,"featured_media":0,"parent":12734,"menu_order":2,"comment_status":"closed","ping_status":"closed","template":"","meta":{"_acf_changed":false,"footnotes":""},"class_list":["post-12571","page","type-page","status-publish","hentry"],"acf":[],"yoast_head":"<!-- This site is optimized with the Yoast SEO plugin v25.7 - https:\/\/yoast.com\/wordpress\/plugins\/seo\/ -->\n<title>Projects &#8211; Aknakoda<\/title>\n<meta name=\"robots\" content=\"index, follow, max-snippet:-1, max-image-preview:large, max-video-preview:-1\" \/>\n<link rel=\"canonical\" href=\"https:\/\/aknakoda.ee\/en\/portfolio\/projects\/\" \/>\n<meta property=\"og:locale\" content=\"en_US\" \/>\n<meta property=\"og:type\" content=\"article\" \/>\n<meta property=\"og:title\" content=\"Projects &#8211; Aknakoda\" \/>\n<meta property=\"og:description\" content=\"2024 2017 2016 2015 2014 2013 2012 2011 2024 Tihase 29a korterelami (Tallinn) Keila haigla V2 korpuse rekonstrueerimine (Keila) Pikaliiva Kaarmajad, Pikaliiva 9 ja11 (Tallinn) Kastani 2 ja 4 korterelamud (Loo alevik) Aiandi 14 korterelamu (Tallinn) Looga 12 ja 13 kortermajad (Tallinn) Tormi 11\/1 korterelamu...\" \/>\n<meta property=\"og:url\" content=\"https:\/\/aknakoda.ee\/en\/portfolio\/projects\/\" \/>\n<meta property=\"og:site_name\" content=\"Aknakoda\" \/>\n<meta property=\"article:publisher\" content=\"https:\/\/www.facebook.com\/aknakoda\/\" \/>\n<meta property=\"article:modified_time\" content=\"2025-06-20T12:50:52+00:00\" \/>\n<meta name=\"twitter:card\" content=\"summary_large_image\" \/>\n<meta name=\"twitter:label1\" content=\"Est. reading time\" \/>\n\t<meta name=\"twitter:data1\" content=\"3 minutes\" \/>\n<script type=\"application\/ld+json\" class=\"yoast-schema-graph\">{\"@context\":\"https:\/\/schema.org\",\"@graph\":[{\"@type\":\"WebPage\",\"@id\":\"https:\/\/aknakoda.ee\/en\/portfolio\/projects\/\",\"url\":\"https:\/\/aknakoda.ee\/en\/portfolio\/projects\/\",\"name\":\"Projects &#8211; Aknakoda\",\"isPartOf\":{\"@id\":\"https:\/\/aknakoda.ee\/#website\"},\"datePublished\":\"2017-06-07T05:37:56+00:00\",\"dateModified\":\"2025-06-20T12:50:52+00:00\",\"breadcrumb\":{\"@id\":\"https:\/\/aknakoda.ee\/en\/portfolio\/projects\/#breadcrumb\"},\"inLanguage\":\"en-US\",\"potentialAction\":[{\"@type\":\"ReadAction\",\"target\":[\"https:\/\/aknakoda.ee\/en\/portfolio\/projects\/\"]}]},{\"@type\":\"BreadcrumbList\",\"@id\":\"https:\/\/aknakoda.ee\/en\/portfolio\/projects\/#breadcrumb\",\"itemListElement\":[{\"@type\":\"ListItem\",\"position\":1,\"name\":\"Home\",\"item\":\"https:\/\/aknakoda.ee\/en\/\"},{\"@type\":\"ListItem\",\"position\":2,\"name\":\"Portfolio\",\"item\":\"https:\/\/aknakoda.ee\/en\/portfolio\/\"},{\"@type\":\"ListItem\",\"position\":3,\"name\":\"Projects\"}]},{\"@type\":\"WebSite\",\"@id\":\"https:\/\/aknakoda.ee\/#website\",\"url\":\"https:\/\/aknakoda.ee\/\",\"name\":\"Aknakoda\",\"description\":\"Plastikakende ja plastakende m\u00fc\u00fck - Aknakoda\",\"potentialAction\":[{\"@type\":\"SearchAction\",\"target\":{\"@type\":\"EntryPoint\",\"urlTemplate\":\"https:\/\/aknakoda.ee\/?s={search_term_string}\"},\"query-input\":{\"@type\":\"PropertyValueSpecification\",\"valueRequired\":true,\"valueName\":\"search_term_string\"}}],\"inLanguage\":\"en-US\"}]}<\/script>\n<!-- \/ Yoast SEO plugin. -->","yoast_head_json":{"title":"Projects &#8211; Aknakoda","robots":{"index":"index","follow":"follow","max-snippet":"max-snippet:-1","max-image-preview":"max-image-preview:large","max-video-preview":"max-video-preview:-1"},"canonical":"https:\/\/aknakoda.ee\/en\/portfolio\/projects\/","og_locale":"en_US","og_type":"article","og_title":"Projects &#8211; Aknakoda","og_description":"2024 2017 2016 2015 2014 2013 2012 2011 2024 Tihase 29a korterelami (Tallinn) Keila haigla V2 korpuse rekonstrueerimine (Keila) Pikaliiva Kaarmajad, Pikaliiva 9 ja11 (Tallinn) Kastani 2 ja 4 korterelamud (Loo alevik) Aiandi 14 korterelamu (Tallinn) Looga 12 ja 13 kortermajad (Tallinn) Tormi 11\/1 korterelamu...","og_url":"https:\/\/aknakoda.ee\/en\/portfolio\/projects\/","og_site_name":"Aknakoda","article_publisher":"https:\/\/www.facebook.com\/aknakoda\/","article_modified_time":"2025-06-20T12:50:52+00:00","twitter_card":"summary_large_image","twitter_misc":{"Est. reading time":"3 minutes"},"schema":{"@context":"https:\/\/schema.org","@graph":[{"@type":"WebPage","@id":"https:\/\/aknakoda.ee\/en\/portfolio\/projects\/","url":"https:\/\/aknakoda.ee\/en\/portfolio\/projects\/","name":"Projects &#8211; Aknakoda","isPartOf":{"@id":"https:\/\/aknakoda.ee\/#website"},"datePublished":"2017-06-07T05:37:56+00:00","dateModified":"2025-06-20T12:50:52+00:00","breadcrumb":{"@id":"https:\/\/aknakoda.ee\/en\/portfolio\/projects\/#breadcrumb"},"inLanguage":"en-US","potentialAction":[{"@type":"ReadAction","target":["https:\/\/aknakoda.ee\/en\/portfolio\/projects\/"]}]},{"@type":"BreadcrumbList","@id":"https:\/\/aknakoda.ee\/en\/portfolio\/projects\/#breadcrumb","itemListElement":[{"@type":"ListItem","position":1,"name":"Home","item":"https:\/\/aknakoda.ee\/en\/"},{"@type":"ListItem","position":2,"name":"Portfolio","item":"https:\/\/aknakoda.ee\/en\/portfolio\/"},{"@type":"ListItem","position":3,"name":"Projects"}]},{"@type":"WebSite","@id":"https:\/\/aknakoda.ee\/#website","url":"https:\/\/aknakoda.ee\/","name":"Aknakoda","description":"Plastikakende ja plastakende m\u00fc\u00fck - Aknakoda","potentialAction":[{"@type":"SearchAction","target":{"@type":"EntryPoint","urlTemplate":"https:\/\/aknakoda.ee\/?s={search_term_string}"},"query-input":{"@type":"PropertyValueSpecification","valueRequired":true,"valueName":"search_term_string"}}],"inLanguage":"en-US"}]}},"_links":{"self":[{"href":"https:\/\/aknakoda.ee\/en\/wp-json\/wp\/v2\/pages\/12571","targetHints":{"allow":["GET"]}}],"collection":[{"href":"https:\/\/aknakoda.ee\/en\/wp-json\/wp\/v2\/pages"}],"about":[{"href":"https:\/\/aknakoda.ee\/en\/wp-json\/wp\/v2\/types\/page"}],"author":[{"embeddable":true,"href":"https:\/\/aknakoda.ee\/en\/wp-json\/wp\/v2\/users\/2"}],"replies":[{"embeddable":true,"href":"https:\/\/aknakoda.ee\/en\/wp-json\/wp\/v2\/comments?post=12571"}],"version-history":[{"count":4,"href":"https:\/\/aknakoda.ee\/en\/wp-json\/wp\/v2\/pages\/12571\/revisions"}],"predecessor-version":[{"id":40972,"href":"https:\/\/aknakoda.ee\/en\/wp-json\/wp\/v2\/pages\/12571\/revisions\/40972"}],"up":[{"embeddable":true,"href":"https:\/\/aknakoda.ee\/en\/wp-json\/wp\/v2\/pages\/12734"}],"wp:attachment":[{"href":"https:\/\/aknakoda.ee\/en\/wp-json\/wp\/v2\/media?parent=12571"}],"curies":[{"name":"wp","href":"https:\/\/api.w.org\/{rel}","templated":true}]}}