{"id":12597,"date":"2017-03-07T16:59:30","date_gmt":"2017-03-07T14:59:30","guid":{"rendered":"https:\/\/aknakoda.ee\/meist\/"},"modified":"2020-07-27T19:16:53","modified_gmt":"2020-07-27T16:16:53","slug":"about-us","status":"publish","type":"page","link":"https:\/\/aknakoda.ee\/en\/about-us\/","title":{"rendered":"About us"},"content":{"rendered":"\t\t<div data-elementor-type=\"wp-page\" data-elementor-id=\"12597\" class=\"elementor elementor-12597 elementor-11446\">\n\t\t\t\t\t\t<section class=\"elementor-section elementor-top-section elementor-element elementor-element-w20se2v elementor-section-boxed elementor-section-height-default elementor-section-height-default\" data-id=\"w20se2v\" data-element_type=\"section\">\n\t\t\t\t\t\t<div class=\"elementor-container elementor-column-gap-default\">\n\t\t\t\t\t<div class=\"elementor-column elementor-col-50 elementor-top-column elementor-element elementor-element-3bckawf\" data-id=\"3bckawf\" data-element_type=\"column\">\n\t\t\t<div class=\"elementor-widget-wrap elementor-element-populated\">\n\t\t\t\t\t\t<div class=\"elementor-element elementor-element-3gv2032 elementor-widget elementor-widget-text-editor\" data-id=\"3gv2032\" data-element_type=\"widget\" data-widget_type=\"text-editor.default\">\n\t\t\t\t<div class=\"elementor-widget-container\">\n\t\t\t\t\t\t\t\t\t<p>Aknakoda O\u00dc is a privately held Estonian company that was founded on March 11, 2011. Regardless of the short history of our company, our employees have worked for many years in the similar company which has been the market leader in Estonia. So, we can consider ourselves to be the real professionals of our field.<\/p><p>The principal activity of Aknakoda O\u00dc is the manufacture and sale of plastic windows. The enterprise runs an exemplary production building at P\u00e4rlim\u00f5isa st. 27 in P\u00e4rnu. We use only modern production equipment in order to ensure the high quality expected by the customers. Windows and doors are made of Rehau materials \u2013 German profile producer which is one of the leading producers in Europe. In order to service our customers better, we have opened sales centres in Tallinn, Tartu, P\u00e4rnu, Rakvere, V\u00f5ru and Valga.<\/p><p>\u00a0In addition, we offer wooden and aluminium clad windows, different glasses and insulated glazing units. It is also possible to order the installation and finishing works of windows and doors.<\/p><p>Our sales representatives have a passed a thorough training and they all have extensive experience in the field. As a result of dedicated communication, we can guarantee pleasant customer service, professional knowledge, and the best possible solution for you. We believe that we are capable of fulfilling the needs and expectations of even the most demanding customer.<\/p><p>We are waiting for you in our offices for a consultation!<\/p>\t\t\t\t\t\t\t\t<\/div>\n\t\t\t\t<\/div>\n\t\t\t\t\t<\/div>\n\t\t<\/div>\n\t\t\t\t<div class=\"elementor-column elementor-col-50 elementor-top-column elementor-element elementor-element-ovxdyq0\" data-id=\"ovxdyq0\" data-element_type=\"column\">\n\t\t\t<div class=\"elementor-widget-wrap elementor-element-populated\">\n\t\t\t\t\t\t<div class=\"elementor-element elementor-element-a7u5c4p elementor-widget elementor-widget-image\" data-id=\"a7u5c4p\" data-element_type=\"widget\" data-widget_type=\"image.default\">\n\t\t\t\t<div class=\"elementor-widget-container\">\n\t\t\t\t\t\t\t\t\t\t\t\t\t\t\t<img fetchpriority=\"high\" decoding=\"async\" width=\"1024\" height=\"576\" src=\"https:\/\/aknakoda.ee\/wp-content\/uploads\/2017\/03\/aknakoda-1024x576.jpg\" class=\"attachment-large size-large wp-image-25561\" alt=\"\" srcset=\"https:\/\/aknakoda.ee\/wp-content\/uploads\/2017\/03\/aknakoda-1024x576.jpg 1024w, https:\/\/aknakoda.ee\/wp-content\/uploads\/2017\/03\/aknakoda-300x169.jpg 300w, https:\/\/aknakoda.ee\/wp-content\/uploads\/2017\/03\/aknakoda-768x432.jpg 768w\" sizes=\"(max-width: 1024px) 100vw, 1024px\" \/>\t\t\t\t\t\t\t\t\t\t\t\t\t\t\t<\/div>\n\t\t\t\t<\/div>\n\t\t\t\t\t<\/div>\n\t\t<\/div>\n\t\t\t\t\t<\/div>\n\t\t<\/section>\n\t\t\t\t<\/div>\n\t\t","protected":false},"excerpt":{"rendered":"<p>Aknakoda O\u00dc is a privately held Estonian company that was founded on March 11, 2011. Regardless of the short history of our company, our employees have worked for many years in the similar company which has been the market leader in Estonia. So, we can&#8230;<\/p>\n","protected":false},"author":2,"featured_media":0,"parent":0,"menu_order":0,"comment_status":"closed","ping_status":"closed","template":"","meta":{"_acf_changed":false,"footnotes":""},"class_list":["post-12597","page","type-page","status-publish","hentry"],"acf":[],"yoast_head":"<!-- This site is optimized with the Yoast SEO plugin v25.7 - https:\/\/yoast.com\/wordpress\/plugins\/seo\/ -->\n<title>About us &#8211; Aknakoda<\/title>\n<meta name=\"robots\" content=\"index, follow, max-snippet:-1, max-image-preview:large, max-video-preview:-1\" \/>\n<link rel=\"canonical\" href=\"https:\/\/aknakoda.ee\/en\/about-us\/\" \/>\n<meta property=\"og:locale\" content=\"en_US\" \/>\n<meta property=\"og:type\" content=\"article\" \/>\n<meta property=\"og:title\" content=\"About us &#8211; Aknakoda\" \/>\n<meta property=\"og:description\" content=\"Aknakoda O\u00dc is a privately held Estonian company that was founded on March 11, 2011. Regardless of the short history of our company, our employees have worked for many years in the similar company which has been the market leader in Estonia. So, we can...\" \/>\n<meta property=\"og:url\" content=\"https:\/\/aknakoda.ee\/en\/about-us\/\" \/>\n<meta property=\"og:site_name\" content=\"Aknakoda\" \/>\n<meta property=\"article:publisher\" content=\"https:\/\/www.facebook.com\/aknakoda\/\" \/>\n<meta property=\"article:modified_time\" content=\"2020-07-27T16:16:53+00:00\" \/>\n<meta property=\"og:image\" content=\"https:\/\/aknakoda.ee\/wp-content\/uploads\/2017\/03\/aknakoda-1024x576.jpg\" \/>\n<meta name=\"twitter:card\" content=\"summary_large_image\" \/>\n<meta name=\"twitter:label1\" content=\"Est. reading time\" \/>\n\t<meta name=\"twitter:data1\" content=\"1 minute\" \/>\n<script type=\"application\/ld+json\" class=\"yoast-schema-graph\">{\"@context\":\"https:\/\/schema.org\",\"@graph\":[{\"@type\":\"WebPage\",\"@id\":\"https:\/\/aknakoda.ee\/en\/about-us\/\",\"url\":\"https:\/\/aknakoda.ee\/en\/about-us\/\",\"name\":\"About us &#8211; Aknakoda\",\"isPartOf\":{\"@id\":\"https:\/\/aknakoda.ee\/#website\"},\"primaryImageOfPage\":{\"@id\":\"https:\/\/aknakoda.ee\/en\/about-us\/#primaryimage\"},\"image\":{\"@id\":\"https:\/\/aknakoda.ee\/en\/about-us\/#primaryimage\"},\"thumbnailUrl\":\"https:\/\/aknakoda.ee\/wp-content\/uploads\/2017\/03\/aknakoda-1024x576.jpg\",\"datePublished\":\"2017-03-07T14:59:30+00:00\",\"dateModified\":\"2020-07-27T16:16:53+00:00\",\"breadcrumb\":{\"@id\":\"https:\/\/aknakoda.ee\/en\/about-us\/#breadcrumb\"},\"inLanguage\":\"en-US\",\"potentialAction\":[{\"@type\":\"ReadAction\",\"target\":[\"https:\/\/aknakoda.ee\/en\/about-us\/\"]}]},{\"@type\":\"ImageObject\",\"inLanguage\":\"en-US\",\"@id\":\"https:\/\/aknakoda.ee\/en\/about-us\/#primaryimage\",\"url\":\"https:\/\/aknakoda.ee\/wp-content\/uploads\/2017\/03\/aknakoda-1024x576.jpg\",\"contentUrl\":\"https:\/\/aknakoda.ee\/wp-content\/uploads\/2017\/03\/aknakoda-1024x576.jpg\"},{\"@type\":\"BreadcrumbList\",\"@id\":\"https:\/\/aknakoda.ee\/en\/about-us\/#breadcrumb\",\"itemListElement\":[{\"@type\":\"ListItem\",\"position\":1,\"name\":\"Home\",\"item\":\"https:\/\/aknakoda.ee\/en\/\"},{\"@type\":\"ListItem\",\"position\":2,\"name\":\"About us\"}]},{\"@type\":\"WebSite\",\"@id\":\"https:\/\/aknakoda.ee\/#website\",\"url\":\"https:\/\/aknakoda.ee\/\",\"name\":\"Aknakoda\",\"description\":\"Plastikakende ja plastakende m\u00fc\u00fck - Aknakoda\",\"potentialAction\":[{\"@type\":\"SearchAction\",\"target\":{\"@type\":\"EntryPoint\",\"urlTemplate\":\"https:\/\/aknakoda.ee\/?s={search_term_string}\"},\"query-input\":{\"@type\":\"PropertyValueSpecification\",\"valueRequired\":true,\"valueName\":\"search_term_string\"}}],\"inLanguage\":\"en-US\"}]}<\/script>\n<!-- \/ Yoast SEO plugin. -->","yoast_head_json":{"title":"About us &#8211; Aknakoda","robots":{"index":"index","follow":"follow","max-snippet":"max-snippet:-1","max-image-preview":"max-image-preview:large","max-video-preview":"max-video-preview:-1"},"canonical":"https:\/\/aknakoda.ee\/en\/about-us\/","og_locale":"en_US","og_type":"article","og_title":"About us &#8211; Aknakoda","og_description":"Aknakoda O\u00dc is a privately held Estonian company that was founded on March 11, 2011. Regardless of the short history of our company, our employees have worked for many years in the similar company which has been the market leader in Estonia. So, we can...","og_url":"https:\/\/aknakoda.ee\/en\/about-us\/","og_site_name":"Aknakoda","article_publisher":"https:\/\/www.facebook.com\/aknakoda\/","article_modified_time":"2020-07-27T16:16:53+00:00","og_image":[{"url":"https:\/\/aknakoda.ee\/wp-content\/uploads\/2017\/03\/aknakoda-1024x576.jpg","type":"","width":"","height":""}],"twitter_card":"summary_large_image","twitter_misc":{"Est. reading time":"1 minute"},"schema":{"@context":"https:\/\/schema.org","@graph":[{"@type":"WebPage","@id":"https:\/\/aknakoda.ee\/en\/about-us\/","url":"https:\/\/aknakoda.ee\/en\/about-us\/","name":"About us &#8211; Aknakoda","isPartOf":{"@id":"https:\/\/aknakoda.ee\/#website"},"primaryImageOfPage":{"@id":"https:\/\/aknakoda.ee\/en\/about-us\/#primaryimage"},"image":{"@id":"https:\/\/aknakoda.ee\/en\/about-us\/#primaryimage"},"thumbnailUrl":"https:\/\/aknakoda.ee\/wp-content\/uploads\/2017\/03\/aknakoda-1024x576.jpg","datePublished":"2017-03-07T14:59:30+00:00","dateModified":"2020-07-27T16:16:53+00:00","breadcrumb":{"@id":"https:\/\/aknakoda.ee\/en\/about-us\/#breadcrumb"},"inLanguage":"en-US","potentialAction":[{"@type":"ReadAction","target":["https:\/\/aknakoda.ee\/en\/about-us\/"]}]},{"@type":"ImageObject","inLanguage":"en-US","@id":"https:\/\/aknakoda.ee\/en\/about-us\/#primaryimage","url":"https:\/\/aknakoda.ee\/wp-content\/uploads\/2017\/03\/aknakoda-1024x576.jpg","contentUrl":"https:\/\/aknakoda.ee\/wp-content\/uploads\/2017\/03\/aknakoda-1024x576.jpg"},{"@type":"BreadcrumbList","@id":"https:\/\/aknakoda.ee\/en\/about-us\/#breadcrumb","itemListElement":[{"@type":"ListItem","position":1,"name":"Home","item":"https:\/\/aknakoda.ee\/en\/"},{"@type":"ListItem","position":2,"name":"About us"}]},{"@type":"WebSite","@id":"https:\/\/aknakoda.ee\/#website","url":"https:\/\/aknakoda.ee\/","name":"Aknakoda","description":"Plastikakende ja plastakende m\u00fc\u00fck - Aknakoda","potentialAction":[{"@type":"SearchAction","target":{"@type":"EntryPoint","urlTemplate":"https:\/\/aknakoda.ee\/?s={search_term_string}"},"query-input":{"@type":"PropertyValueSpecification","valueRequired":true,"valueName":"search_term_string"}}],"inLanguage":"en-US"}]}},"_links":{"self":[{"href":"https:\/\/aknakoda.ee\/en\/wp-json\/wp\/v2\/pages\/12597","targetHints":{"allow":["GET"]}}],"collection":[{"href":"https:\/\/aknakoda.ee\/en\/wp-json\/wp\/v2\/pages"}],"about":[{"href":"https:\/\/aknakoda.ee\/en\/wp-json\/wp\/v2\/types\/page"}],"author":[{"embeddable":true,"href":"https:\/\/aknakoda.ee\/en\/wp-json\/wp\/v2\/users\/2"}],"replies":[{"embeddable":true,"href":"https:\/\/aknakoda.ee\/en\/wp-json\/wp\/v2\/comments?post=12597"}],"version-history":[{"count":4,"href":"https:\/\/aknakoda.ee\/en\/wp-json\/wp\/v2\/pages\/12597\/revisions"}],"predecessor-version":[{"id":25569,"href":"https:\/\/aknakoda.ee\/en\/wp-json\/wp\/v2\/pages\/12597\/revisions\/25569"}],"wp:attachment":[{"href":"https:\/\/aknakoda.ee\/en\/wp-json\/wp\/v2\/media?parent=12597"}],"curies":[{"name":"wp","href":"https:\/\/api.w.org\/{rel}","templated":true}]}}