{"id":12732,"date":"2017-03-07T16:56:04","date_gmt":"2017-03-07T14:56:04","guid":{"rendered":"https:\/\/aknakoda.ee\/kontakt\/"},"modified":"2024-11-25T08:54:19","modified_gmt":"2024-11-25T06:54:19","slug":"contact","status":"publish","type":"page","link":"https:\/\/aknakoda.ee\/en\/contact\/","title":{"rendered":"Contact"},"content":{"rendered":"\t\t<div data-elementor-type=\"wp-page\" data-elementor-id=\"12732\" class=\"elementor elementor-12732 elementor-11442\">\n\t\t\t\t<div class=\"elementor-element elementor-element-841abfb e-flex e-con-boxed e-con e-parent\" data-id=\"841abfb\" data-element_type=\"container\">\n\t\t\t\t\t<div class=\"e-con-inner\">\n\t\t\t\t<div class=\"elementor-element elementor-element-d204178 elementor-widget elementor-widget-heading\" data-id=\"d204178\" data-element_type=\"widget\" data-widget_type=\"heading.default\">\n\t\t\t\t<div class=\"elementor-widget-container\">\n\t\t\t\t\t<h1 class=\"elementor-heading-title elementor-size-default\">Export department<\/h1>\t\t\t\t<\/div>\n\t\t\t\t<\/div>\n\t\t\t\t\t<\/div>\n\t\t\t\t<\/div>\n\t\t\t\t<section class=\"elementor-section elementor-top-section elementor-element elementor-element-48d625bb elementor-section-boxed elementor-section-height-default elementor-section-height-default\" data-id=\"48d625bb\" data-element_type=\"section\">\n\t\t\t\t\t\t<div class=\"elementor-container elementor-column-gap-wider\">\n\t\t\t\t\t<div class=\"elementor-column elementor-col-66 elementor-top-column elementor-element elementor-element-4b38e48c\" data-id=\"4b38e48c\" data-element_type=\"column\">\n\t\t\t<div class=\"elementor-widget-wrap elementor-element-populated\">\n\t\t\t\t\t\t<section class=\"elementor-section elementor-inner-section elementor-element elementor-element-26db04f3 elementor-section-boxed elementor-section-height-default elementor-section-height-default\" data-id=\"26db04f3\" data-element_type=\"section\">\n\t\t\t\t\t\t<div class=\"elementor-container elementor-column-gap-default\">\n\t\t\t\t\t<div class=\"elementor-column elementor-col-50 elementor-inner-column elementor-element elementor-element-cf7745b\" data-id=\"cf7745b\" data-element_type=\"column\">\n\t\t\t<div class=\"elementor-widget-wrap elementor-element-populated\">\n\t\t\t\t\t\t<div class=\"elementor-element elementor-element-21c0b75a elementor-widget elementor-widget-text-editor\" data-id=\"21c0b75a\" data-element_type=\"widget\" data-widget_type=\"text-editor.default\">\n\t\t\t\t<div class=\"elementor-widget-container\">\n\t\t\t\t\t\t\t\t\t<p><strong>EXPORT department<\/strong><\/p><p>P\u00e4rlim\u00f5isa tee 27, P\u00e4rnu , 80010<br \/> Tel: +372 5344 8075<br \/> <strong> <a href=\"mailto:export@aknakoda.ee\">export@aknakoda.ee<\/a><\/strong><\/p>\t\t\t\t\t\t\t\t<\/div>\n\t\t\t\t<\/div>\n\t\t\t\t\t<\/div>\n\t\t<\/div>\n\t\t\t\t<div class=\"elementor-column elementor-col-50 elementor-inner-column elementor-element elementor-element-5cabc837\" data-id=\"5cabc837\" data-element_type=\"column\">\n\t\t\t<div class=\"elementor-widget-wrap elementor-element-populated\">\n\t\t\t\t\t\t<div class=\"elementor-element elementor-element-6577acac elementor-widget elementor-widget-text-editor\" data-id=\"6577acac\" data-element_type=\"widget\" data-widget_type=\"text-editor.default\">\n\t\t\t\t<div class=\"elementor-widget-container\">\n\t\t\t\t\t\t\t\t\t<p><strong><img decoding=\"async\" class=\"alignleft size-thumbnail wp-image-28708\" src=\"https:\/\/aknakoda.ee\/wp-content\/uploads\/2021\/05\/Viko-Laiverik-1.jpg\" alt=\"\" width=\"150\" height=\"175\" \/>Viko Laiverik<br \/><\/strong>Export Sales Director<br \/>Tel. +372 5344 8075<\/p><p><strong><a href=\"mailto:export@aknakoda.ee\">export@aknakoda.ee<\/a><\/strong><\/p>\t\t\t\t\t\t\t\t<\/div>\n\t\t\t\t<\/div>\n\t\t\t\t\t<\/div>\n\t\t<\/div>\n\t\t\t\t\t<\/div>\n\t\t<\/section>\n\t\t\t\t\t<\/div>\n\t\t<\/div>\n\t\t\t\t<div class=\"elementor-column elementor-col-33 elementor-top-column elementor-element elementor-element-14d7fa77\" data-id=\"14d7fa77\" data-element_type=\"column\">\n\t\t\t<div class=\"elementor-widget-wrap elementor-element-populated\">\n\t\t\t\t\t\t<div class=\"elementor-element elementor-element-4cb38cc2 elementor-widget elementor-widget-google_maps\" data-id=\"4cb38cc2\" data-element_type=\"widget\" data-widget_type=\"google_maps.default\">\n\t\t\t\t<div class=\"elementor-widget-container\">\n\t\t\t\t\t\t\t<div class=\"elementor-custom-embed\">\n\t\t\t<iframe loading=\"lazy\"\n\t\t\t\t\tsrc=\"https:\/\/maps.google.com\/maps?q=P%C3%A4rlim%C3%B5isa%20tee%2027%2C%20P%C3%A4rnu&#038;t=m&#038;z=13&#038;output=embed&#038;iwloc=near\"\n\t\t\t\t\ttitle=\"P\u00e4rlim\u00f5isa tee 27, P\u00e4rnu\"\n\t\t\t\t\taria-label=\"P\u00e4rlim\u00f5isa tee 27, P\u00e4rnu\"\n\t\t\t><\/iframe>\n\t\t<\/div>\n\t\t\t\t\t\t<\/div>\n\t\t\t\t<\/div>\n\t\t\t\t\t<\/div>\n\t\t<\/div>\n\t\t\t\t\t<\/div>\n\t\t<\/section>\n\t\t\t\t<\/div>\n\t\t","protected":false},"excerpt":{"rendered":"<p>Export department EXPORT department P\u00e4rlim\u00f5isa tee 27, P\u00e4rnu , 80010 Tel: +372 5344 8075 export@aknakoda.ee Viko LaiverikExport Sales DirectorTel. +372 5344 8075 export@aknakoda.ee<\/p>\n","protected":false},"author":2,"featured_media":0,"parent":0,"menu_order":0,"comment_status":"closed","ping_status":"closed","template":"","meta":{"_acf_changed":false,"footnotes":""},"class_list":["post-12732","page","type-page","status-publish","hentry"],"acf":[],"yoast_head":"<!-- This site is optimized with the Yoast SEO plugin v25.7 - https:\/\/yoast.com\/wordpress\/plugins\/seo\/ -->\n<title>Contact &#8211; Aknakoda<\/title>\n<meta name=\"robots\" content=\"index, follow, max-snippet:-1, max-image-preview:large, max-video-preview:-1\" \/>\n<link rel=\"canonical\" href=\"https:\/\/aknakoda.ee\/en\/contact\/\" \/>\n<meta property=\"og:locale\" content=\"en_US\" \/>\n<meta property=\"og:type\" content=\"article\" \/>\n<meta property=\"og:title\" content=\"Contact &#8211; Aknakoda\" \/>\n<meta property=\"og:description\" content=\"Export department EXPORT department P\u00e4rlim\u00f5isa tee 27, P\u00e4rnu , 80010 Tel: +372 5344 8075 export@aknakoda.ee Viko LaiverikExport Sales DirectorTel. +372 5344 8075 export@aknakoda.ee\" \/>\n<meta property=\"og:url\" content=\"https:\/\/aknakoda.ee\/en\/contact\/\" \/>\n<meta property=\"og:site_name\" content=\"Aknakoda\" \/>\n<meta property=\"article:publisher\" content=\"https:\/\/www.facebook.com\/aknakoda\/\" \/>\n<meta property=\"article:modified_time\" content=\"2024-11-25T06:54:19+00:00\" \/>\n<meta property=\"og:image\" content=\"https:\/\/aknakoda.ee\/wp-content\/uploads\/2021\/05\/Viko-Laiverik-1.jpg\" \/>\n<meta name=\"twitter:card\" content=\"summary_large_image\" \/>\n<meta name=\"twitter:label1\" content=\"Est. reading time\" \/>\n\t<meta name=\"twitter:data1\" content=\"1 minute\" \/>\n<script type=\"application\/ld+json\" class=\"yoast-schema-graph\">{\"@context\":\"https:\/\/schema.org\",\"@graph\":[{\"@type\":\"WebPage\",\"@id\":\"https:\/\/aknakoda.ee\/en\/contact\/\",\"url\":\"https:\/\/aknakoda.ee\/en\/contact\/\",\"name\":\"Contact &#8211; Aknakoda\",\"isPartOf\":{\"@id\":\"https:\/\/aknakoda.ee\/#website\"},\"primaryImageOfPage\":{\"@id\":\"https:\/\/aknakoda.ee\/en\/contact\/#primaryimage\"},\"image\":{\"@id\":\"https:\/\/aknakoda.ee\/en\/contact\/#primaryimage\"},\"thumbnailUrl\":\"https:\/\/aknakoda.ee\/wp-content\/uploads\/2021\/05\/Viko-Laiverik-1.jpg\",\"datePublished\":\"2017-03-07T14:56:04+00:00\",\"dateModified\":\"2024-11-25T06:54:19+00:00\",\"breadcrumb\":{\"@id\":\"https:\/\/aknakoda.ee\/en\/contact\/#breadcrumb\"},\"inLanguage\":\"en-US\",\"potentialAction\":[{\"@type\":\"ReadAction\",\"target\":[\"https:\/\/aknakoda.ee\/en\/contact\/\"]}]},{\"@type\":\"ImageObject\",\"inLanguage\":\"en-US\",\"@id\":\"https:\/\/aknakoda.ee\/en\/contact\/#primaryimage\",\"url\":\"https:\/\/aknakoda.ee\/wp-content\/uploads\/2021\/05\/Viko-Laiverik-1.jpg\",\"contentUrl\":\"https:\/\/aknakoda.ee\/wp-content\/uploads\/2021\/05\/Viko-Laiverik-1.jpg\"},{\"@type\":\"BreadcrumbList\",\"@id\":\"https:\/\/aknakoda.ee\/en\/contact\/#breadcrumb\",\"itemListElement\":[{\"@type\":\"ListItem\",\"position\":1,\"name\":\"Home\",\"item\":\"https:\/\/aknakoda.ee\/en\/\"},{\"@type\":\"ListItem\",\"position\":2,\"name\":\"Contact\"}]},{\"@type\":\"WebSite\",\"@id\":\"https:\/\/aknakoda.ee\/#website\",\"url\":\"https:\/\/aknakoda.ee\/\",\"name\":\"Aknakoda\",\"description\":\"Plastikakende ja plastakende m\u00fc\u00fck - Aknakoda\",\"potentialAction\":[{\"@type\":\"SearchAction\",\"target\":{\"@type\":\"EntryPoint\",\"urlTemplate\":\"https:\/\/aknakoda.ee\/?s={search_term_string}\"},\"query-input\":{\"@type\":\"PropertyValueSpecification\",\"valueRequired\":true,\"valueName\":\"search_term_string\"}}],\"inLanguage\":\"en-US\"}]}<\/script>\n<!-- \/ Yoast SEO plugin. -->","yoast_head_json":{"title":"Contact &#8211; Aknakoda","robots":{"index":"index","follow":"follow","max-snippet":"max-snippet:-1","max-image-preview":"max-image-preview:large","max-video-preview":"max-video-preview:-1"},"canonical":"https:\/\/aknakoda.ee\/en\/contact\/","og_locale":"en_US","og_type":"article","og_title":"Contact &#8211; Aknakoda","og_description":"Export department EXPORT department P\u00e4rlim\u00f5isa tee 27, P\u00e4rnu , 80010 Tel: +372 5344 8075 export@aknakoda.ee Viko LaiverikExport Sales DirectorTel. +372 5344 8075 export@aknakoda.ee","og_url":"https:\/\/aknakoda.ee\/en\/contact\/","og_site_name":"Aknakoda","article_publisher":"https:\/\/www.facebook.com\/aknakoda\/","article_modified_time":"2024-11-25T06:54:19+00:00","og_image":[{"url":"https:\/\/aknakoda.ee\/wp-content\/uploads\/2021\/05\/Viko-Laiverik-1.jpg","type":"","width":"","height":""}],"twitter_card":"summary_large_image","twitter_misc":{"Est. reading time":"1 minute"},"schema":{"@context":"https:\/\/schema.org","@graph":[{"@type":"WebPage","@id":"https:\/\/aknakoda.ee\/en\/contact\/","url":"https:\/\/aknakoda.ee\/en\/contact\/","name":"Contact &#8211; Aknakoda","isPartOf":{"@id":"https:\/\/aknakoda.ee\/#website"},"primaryImageOfPage":{"@id":"https:\/\/aknakoda.ee\/en\/contact\/#primaryimage"},"image":{"@id":"https:\/\/aknakoda.ee\/en\/contact\/#primaryimage"},"thumbnailUrl":"https:\/\/aknakoda.ee\/wp-content\/uploads\/2021\/05\/Viko-Laiverik-1.jpg","datePublished":"2017-03-07T14:56:04+00:00","dateModified":"2024-11-25T06:54:19+00:00","breadcrumb":{"@id":"https:\/\/aknakoda.ee\/en\/contact\/#breadcrumb"},"inLanguage":"en-US","potentialAction":[{"@type":"ReadAction","target":["https:\/\/aknakoda.ee\/en\/contact\/"]}]},{"@type":"ImageObject","inLanguage":"en-US","@id":"https:\/\/aknakoda.ee\/en\/contact\/#primaryimage","url":"https:\/\/aknakoda.ee\/wp-content\/uploads\/2021\/05\/Viko-Laiverik-1.jpg","contentUrl":"https:\/\/aknakoda.ee\/wp-content\/uploads\/2021\/05\/Viko-Laiverik-1.jpg"},{"@type":"BreadcrumbList","@id":"https:\/\/aknakoda.ee\/en\/contact\/#breadcrumb","itemListElement":[{"@type":"ListItem","position":1,"name":"Home","item":"https:\/\/aknakoda.ee\/en\/"},{"@type":"ListItem","position":2,"name":"Contact"}]},{"@type":"WebSite","@id":"https:\/\/aknakoda.ee\/#website","url":"https:\/\/aknakoda.ee\/","name":"Aknakoda","description":"Plastikakende ja plastakende m\u00fc\u00fck - Aknakoda","potentialAction":[{"@type":"SearchAction","target":{"@type":"EntryPoint","urlTemplate":"https:\/\/aknakoda.ee\/?s={search_term_string}"},"query-input":{"@type":"PropertyValueSpecification","valueRequired":true,"valueName":"search_term_string"}}],"inLanguage":"en-US"}]}},"_links":{"self":[{"href":"https:\/\/aknakoda.ee\/en\/wp-json\/wp\/v2\/pages\/12732","targetHints":{"allow":["GET"]}}],"collection":[{"href":"https:\/\/aknakoda.ee\/en\/wp-json\/wp\/v2\/pages"}],"about":[{"href":"https:\/\/aknakoda.ee\/en\/wp-json\/wp\/v2\/types\/page"}],"author":[{"embeddable":true,"href":"https:\/\/aknakoda.ee\/en\/wp-json\/wp\/v2\/users\/2"}],"replies":[{"embeddable":true,"href":"https:\/\/aknakoda.ee\/en\/wp-json\/wp\/v2\/comments?post=12732"}],"version-history":[{"count":6,"href":"https:\/\/aknakoda.ee\/en\/wp-json\/wp\/v2\/pages\/12732\/revisions"}],"predecessor-version":[{"id":39973,"href":"https:\/\/aknakoda.ee\/en\/wp-json\/wp\/v2\/pages\/12732\/revisions\/39973"}],"wp:attachment":[{"href":"https:\/\/aknakoda.ee\/en\/wp-json\/wp\/v2\/media?parent=12732"}],"curies":[{"name":"wp","href":"https:\/\/api.w.org\/{rel}","templated":true}]}}