{"id":12551,"date":"2017-06-07T12:58:20","date_gmt":"2017-06-07T09:58:20","guid":{"rendered":"https:\/\/aknakoda.ee\/ekspordi-osakond\/"},"modified":"2021-05-27T07:46:35","modified_gmt":"2021-05-27T04:46:35","slug":"otdel-eksporta","status":"publish","type":"page","link":"https:\/\/aknakoda.ee\/ru\/kontakt\/otdel-eksporta\/","title":{"rendered":"\u041e\u0422\u0414\u0415\u041b \u0415\u041a\u0421\u041f\u041e\u0420\u0422\u0410"},"content":{"rendered":"\t\t<div data-elementor-type=\"wp-page\" data-elementor-id=\"12551\" class=\"elementor elementor-12551 elementor-12376\">\n\t\t\t\t\t\t<section class=\"elementor-section elementor-top-section elementor-element elementor-element-udqqktx elementor-section-boxed elementor-section-height-default elementor-section-height-default\" data-id=\"udqqktx\" data-element_type=\"section\">\n\t\t\t\t\t\t<div class=\"elementor-container elementor-column-gap-wider\">\n\t\t\t\t\t<div class=\"elementor-column elementor-col-66 elementor-top-column elementor-element elementor-element-jl7ytu1\" data-id=\"jl7ytu1\" data-element_type=\"column\">\n\t\t\t<div class=\"elementor-widget-wrap elementor-element-populated\">\n\t\t\t\t\t\t<section class=\"elementor-section elementor-inner-section elementor-element elementor-element-gzgdqga elementor-section-boxed elementor-section-height-default elementor-section-height-default\" data-id=\"gzgdqga\" data-element_type=\"section\">\n\t\t\t\t\t\t<div class=\"elementor-container elementor-column-gap-default\">\n\t\t\t\t\t<div class=\"elementor-column elementor-col-50 elementor-inner-column elementor-element elementor-element-e1nsmu2\" data-id=\"e1nsmu2\" data-element_type=\"column\">\n\t\t\t<div class=\"elementor-widget-wrap elementor-element-populated\">\n\t\t\t\t\t\t<div class=\"elementor-element elementor-element-qxge58m elementor-widget elementor-widget-text-editor\" data-id=\"qxge58m\" data-element_type=\"widget\" data-widget_type=\"text-editor.default\">\n\t\t\t\t<div class=\"elementor-widget-container\">\n\t\t\t\t\t\t\t\t\t<p><strong>\u041e\u0422\u0414\u0415\u041b \u0415\u041a\u0421\u041f\u041e\u0420\u0422\u0410<br \/> <\/strong><\/p><p>P\u00e4rlim\u00f5isa tee 27, \u0420\u044f\u0440\u043d\u0443 , 80010<br \/> \u0422\u0435\u043b. +372 5344 8075<br \/> <strong> <a href=\"mailto:export@aknakoda.ee\">export@aknakoda.ee<\/a><\/strong><\/p>\t\t\t\t\t\t\t\t<\/div>\n\t\t\t\t<\/div>\n\t\t\t\t\t<\/div>\n\t\t<\/div>\n\t\t\t\t<div class=\"elementor-column elementor-col-50 elementor-inner-column elementor-element elementor-element-nmfty6c\" data-id=\"nmfty6c\" data-element_type=\"column\">\n\t\t\t<div class=\"elementor-widget-wrap elementor-element-populated\">\n\t\t\t\t\t\t<div class=\"elementor-element elementor-element-656f208 elementor-widget elementor-widget-text-editor\" data-id=\"656f208\" data-element_type=\"widget\" data-widget_type=\"text-editor.default\">\n\t\t\t\t<div class=\"elementor-widget-container\">\n\t\t\t\t\t\t\t\t\t<p><strong><img decoding=\"async\" class=\"alignleft size-thumbnail wp-image-28708\" src=\"https:\/\/aknakoda.ee\/wp-content\/uploads\/2021\/05\/Viko-Laiverik-1.jpg\" alt=\"\" width=\"150\" height=\"175\" \/>\u041e\u0422\u0414\u0415\u041b \u0415\u041a\u0421\u041f\u041e\u0420\u0422\u0410<br \/><\/strong><br \/>\u0422\u0435\u043b. +372 5344 8075<br \/><strong><a href=\"mailto:export@aknakoda.ee\">export@aknakoda.ee<\/a><\/strong><\/p>\t\t\t\t\t\t\t\t<\/div>\n\t\t\t\t<\/div>\n\t\t\t\t\t<\/div>\n\t\t<\/div>\n\t\t\t\t\t<\/div>\n\t\t<\/section>\n\t\t\t\t\t<\/div>\n\t\t<\/div>\n\t\t\t\t<div class=\"elementor-column elementor-col-33 elementor-top-column elementor-element elementor-element-h2gy5a8\" data-id=\"h2gy5a8\" data-element_type=\"column\">\n\t\t\t<div class=\"elementor-widget-wrap elementor-element-populated\">\n\t\t\t\t\t\t<div class=\"elementor-element elementor-element-dbh3478 elementor-widget elementor-widget-google_maps\" data-id=\"dbh3478\" data-element_type=\"widget\" data-widget_type=\"google_maps.default\">\n\t\t\t\t<div class=\"elementor-widget-container\">\n\t\t\t\t\t\t\t<div class=\"elementor-custom-embed\">\n\t\t\t<iframe loading=\"lazy\"\n\t\t\t\t\tsrc=\"https:\/\/maps.google.com\/maps?q=P%C3%A4rlim%C3%B5isa%20tee%2027%2C%20P%C3%A4rnu&#038;t=m&#038;z=14&#038;output=embed&#038;iwloc=near\"\n\t\t\t\t\ttitle=\"P\u00e4rlim\u00f5isa tee 27, P\u00e4rnu\"\n\t\t\t\t\taria-label=\"P\u00e4rlim\u00f5isa tee 27, P\u00e4rnu\"\n\t\t\t><\/iframe>\n\t\t<\/div>\n\t\t\t\t\t\t<\/div>\n\t\t\t\t<\/div>\n\t\t\t\t\t<\/div>\n\t\t<\/div>\n\t\t\t\t\t<\/div>\n\t\t<\/section>\n\t\t\t\t<\/div>\n\t\t","protected":false},"excerpt":{"rendered":"<p>\u041e\u0422\u0414\u0415\u041b \u0415\u041a\u0421\u041f\u041e\u0420\u0422\u0410 P\u00e4rlim\u00f5isa tee 27, \u0420\u044f\u0440\u043d\u0443 , 80010 \u0422\u0435\u043b. +372 5344 8075 export@aknakoda.ee \u041e\u0422\u0414\u0415\u041b \u0415\u041a\u0421\u041f\u041e\u0420\u0422\u0410\u0422\u0435\u043b. +372 5344 8075export@aknakoda.ee<\/p>\n","protected":false},"author":2,"featured_media":0,"parent":12733,"menu_order":8,"comment_status":"closed","ping_status":"closed","template":"templates\/contact-single.php","meta":{"_acf_changed":false,"footnotes":""},"class_list":["post-12551","page","type-page","status-publish","hentry"],"acf":[],"yoast_head":"<!-- This site is optimized with the Yoast SEO plugin v25.7 - https:\/\/yoast.com\/wordpress\/plugins\/seo\/ -->\n<title>\u041e\u0422\u0414\u0415\u041b \u0415\u041a\u0421\u041f\u041e\u0420\u0422\u0410 &#8211; Aknakoda<\/title>\n<meta name=\"robots\" content=\"index, follow, max-snippet:-1, max-image-preview:large, max-video-preview:-1\" \/>\n<link rel=\"canonical\" href=\"https:\/\/aknakoda.ee\/ru\/kontakt\/otdel-eksporta\/\" \/>\n<meta property=\"og:locale\" content=\"ru_RU\" \/>\n<meta property=\"og:type\" content=\"article\" \/>\n<meta property=\"og:title\" content=\"\u041e\u0422\u0414\u0415\u041b \u0415\u041a\u0421\u041f\u041e\u0420\u0422\u0410 &#8211; Aknakoda\" \/>\n<meta property=\"og:description\" content=\"\u041e\u0422\u0414\u0415\u041b \u0415\u041a\u0421\u041f\u041e\u0420\u0422\u0410 P\u00e4rlim\u00f5isa tee 27, \u0420\u044f\u0440\u043d\u0443 , 80010 \u0422\u0435\u043b. +372 5344 8075 export@aknakoda.ee \u041e\u0422\u0414\u0415\u041b \u0415\u041a\u0421\u041f\u041e\u0420\u0422\u0410\u0422\u0435\u043b. +372 5344 8075export@aknakoda.ee\" \/>\n<meta property=\"og:url\" content=\"https:\/\/aknakoda.ee\/ru\/kontakt\/otdel-eksporta\/\" \/>\n<meta property=\"og:site_name\" content=\"Aknakoda\" \/>\n<meta property=\"article:publisher\" content=\"https:\/\/www.facebook.com\/aknakoda\/\" \/>\n<meta property=\"article:modified_time\" content=\"2021-05-27T04:46:35+00:00\" \/>\n<meta property=\"og:image\" content=\"https:\/\/aknakoda.ee\/wp-content\/uploads\/2021\/05\/Viko-Laiverik-1.jpg\" \/>\n<meta name=\"twitter:card\" content=\"summary_large_image\" \/>\n<meta name=\"twitter:label1\" content=\"\u041f\u0440\u0438\u043c\u0435\u0440\u043d\u043e\u0435 \u0432\u0440\u0435\u043c\u044f \u0434\u043b\u044f \u0447\u0442\u0435\u043d\u0438\u044f\" \/>\n\t<meta name=\"twitter:data1\" content=\"1 \u043c\u0438\u043d\u0443\u0442\u0430\" \/>\n<script type=\"application\/ld+json\" class=\"yoast-schema-graph\">{\"@context\":\"https:\/\/schema.org\",\"@graph\":[{\"@type\":\"WebPage\",\"@id\":\"https:\/\/aknakoda.ee\/ru\/kontakt\/otdel-eksporta\/\",\"url\":\"https:\/\/aknakoda.ee\/ru\/kontakt\/otdel-eksporta\/\",\"name\":\"\u041e\u0422\u0414\u0415\u041b \u0415\u041a\u0421\u041f\u041e\u0420\u0422\u0410 &#8211; Aknakoda\",\"isPartOf\":{\"@id\":\"https:\/\/aknakoda.ee\/#website\"},\"primaryImageOfPage\":{\"@id\":\"https:\/\/aknakoda.ee\/ru\/kontakt\/otdel-eksporta\/#primaryimage\"},\"image\":{\"@id\":\"https:\/\/aknakoda.ee\/ru\/kontakt\/otdel-eksporta\/#primaryimage\"},\"thumbnailUrl\":\"https:\/\/aknakoda.ee\/wp-content\/uploads\/2021\/05\/Viko-Laiverik-1.jpg\",\"datePublished\":\"2017-06-07T09:58:20+00:00\",\"dateModified\":\"2021-05-27T04:46:35+00:00\",\"breadcrumb\":{\"@id\":\"https:\/\/aknakoda.ee\/ru\/kontakt\/otdel-eksporta\/#breadcrumb\"},\"inLanguage\":\"ru-RU\",\"potentialAction\":[{\"@type\":\"ReadAction\",\"target\":[\"https:\/\/aknakoda.ee\/ru\/kontakt\/otdel-eksporta\/\"]}]},{\"@type\":\"ImageObject\",\"inLanguage\":\"ru-RU\",\"@id\":\"https:\/\/aknakoda.ee\/ru\/kontakt\/otdel-eksporta\/#primaryimage\",\"url\":\"https:\/\/aknakoda.ee\/wp-content\/uploads\/2021\/05\/Viko-Laiverik-1.jpg\",\"contentUrl\":\"https:\/\/aknakoda.ee\/wp-content\/uploads\/2021\/05\/Viko-Laiverik-1.jpg\"},{\"@type\":\"BreadcrumbList\",\"@id\":\"https:\/\/aknakoda.ee\/ru\/kontakt\/otdel-eksporta\/#breadcrumb\",\"itemListElement\":[{\"@type\":\"ListItem\",\"position\":1,\"name\":\"Home\",\"item\":\"https:\/\/aknakoda.ee\/ru\/\"},{\"@type\":\"ListItem\",\"position\":2,\"name\":\"\u041a\u043e\u043d\u0442\u0430\u043a\u0442\",\"item\":\"https:\/\/aknakoda.ee\/ru\/kontakt\/\"},{\"@type\":\"ListItem\",\"position\":3,\"name\":\"\u041e\u0422\u0414\u0415\u041b \u0415\u041a\u0421\u041f\u041e\u0420\u0422\u0410\"}]},{\"@type\":\"WebSite\",\"@id\":\"https:\/\/aknakoda.ee\/#website\",\"url\":\"https:\/\/aknakoda.ee\/\",\"name\":\"Aknakoda\",\"description\":\"Plastikakende ja plastakende m\u00fc\u00fck - Aknakoda\",\"potentialAction\":[{\"@type\":\"SearchAction\",\"target\":{\"@type\":\"EntryPoint\",\"urlTemplate\":\"https:\/\/aknakoda.ee\/?s={search_term_string}\"},\"query-input\":{\"@type\":\"PropertyValueSpecification\",\"valueRequired\":true,\"valueName\":\"search_term_string\"}}],\"inLanguage\":\"ru-RU\"}]}<\/script>\n<!-- \/ Yoast SEO plugin. -->","yoast_head_json":{"title":"\u041e\u0422\u0414\u0415\u041b \u0415\u041a\u0421\u041f\u041e\u0420\u0422\u0410 &#8211; Aknakoda","robots":{"index":"index","follow":"follow","max-snippet":"max-snippet:-1","max-image-preview":"max-image-preview:large","max-video-preview":"max-video-preview:-1"},"canonical":"https:\/\/aknakoda.ee\/ru\/kontakt\/otdel-eksporta\/","og_locale":"ru_RU","og_type":"article","og_title":"\u041e\u0422\u0414\u0415\u041b \u0415\u041a\u0421\u041f\u041e\u0420\u0422\u0410 &#8211; Aknakoda","og_description":"\u041e\u0422\u0414\u0415\u041b \u0415\u041a\u0421\u041f\u041e\u0420\u0422\u0410 P\u00e4rlim\u00f5isa tee 27, \u0420\u044f\u0440\u043d\u0443 , 80010 \u0422\u0435\u043b. +372 5344 8075 export@aknakoda.ee \u041e\u0422\u0414\u0415\u041b \u0415\u041a\u0421\u041f\u041e\u0420\u0422\u0410\u0422\u0435\u043b. +372 5344 8075export@aknakoda.ee","og_url":"https:\/\/aknakoda.ee\/ru\/kontakt\/otdel-eksporta\/","og_site_name":"Aknakoda","article_publisher":"https:\/\/www.facebook.com\/aknakoda\/","article_modified_time":"2021-05-27T04:46:35+00:00","og_image":[{"url":"https:\/\/aknakoda.ee\/wp-content\/uploads\/2021\/05\/Viko-Laiverik-1.jpg","type":"","width":"","height":""}],"twitter_card":"summary_large_image","twitter_misc":{"\u041f\u0440\u0438\u043c\u0435\u0440\u043d\u043e\u0435 \u0432\u0440\u0435\u043c\u044f \u0434\u043b\u044f \u0447\u0442\u0435\u043d\u0438\u044f":"1 \u043c\u0438\u043d\u0443\u0442\u0430"},"schema":{"@context":"https:\/\/schema.org","@graph":[{"@type":"WebPage","@id":"https:\/\/aknakoda.ee\/ru\/kontakt\/otdel-eksporta\/","url":"https:\/\/aknakoda.ee\/ru\/kontakt\/otdel-eksporta\/","name":"\u041e\u0422\u0414\u0415\u041b \u0415\u041a\u0421\u041f\u041e\u0420\u0422\u0410 &#8211; Aknakoda","isPartOf":{"@id":"https:\/\/aknakoda.ee\/#website"},"primaryImageOfPage":{"@id":"https:\/\/aknakoda.ee\/ru\/kontakt\/otdel-eksporta\/#primaryimage"},"image":{"@id":"https:\/\/aknakoda.ee\/ru\/kontakt\/otdel-eksporta\/#primaryimage"},"thumbnailUrl":"https:\/\/aknakoda.ee\/wp-content\/uploads\/2021\/05\/Viko-Laiverik-1.jpg","datePublished":"2017-06-07T09:58:20+00:00","dateModified":"2021-05-27T04:46:35+00:00","breadcrumb":{"@id":"https:\/\/aknakoda.ee\/ru\/kontakt\/otdel-eksporta\/#breadcrumb"},"inLanguage":"ru-RU","potentialAction":[{"@type":"ReadAction","target":["https:\/\/aknakoda.ee\/ru\/kontakt\/otdel-eksporta\/"]}]},{"@type":"ImageObject","inLanguage":"ru-RU","@id":"https:\/\/aknakoda.ee\/ru\/kontakt\/otdel-eksporta\/#primaryimage","url":"https:\/\/aknakoda.ee\/wp-content\/uploads\/2021\/05\/Viko-Laiverik-1.jpg","contentUrl":"https:\/\/aknakoda.ee\/wp-content\/uploads\/2021\/05\/Viko-Laiverik-1.jpg"},{"@type":"BreadcrumbList","@id":"https:\/\/aknakoda.ee\/ru\/kontakt\/otdel-eksporta\/#breadcrumb","itemListElement":[{"@type":"ListItem","position":1,"name":"Home","item":"https:\/\/aknakoda.ee\/ru\/"},{"@type":"ListItem","position":2,"name":"\u041a\u043e\u043d\u0442\u0430\u043a\u0442","item":"https:\/\/aknakoda.ee\/ru\/kontakt\/"},{"@type":"ListItem","position":3,"name":"\u041e\u0422\u0414\u0415\u041b \u0415\u041a\u0421\u041f\u041e\u0420\u0422\u0410"}]},{"@type":"WebSite","@id":"https:\/\/aknakoda.ee\/#website","url":"https:\/\/aknakoda.ee\/","name":"Aknakoda","description":"Plastikakende ja plastakende m\u00fc\u00fck - Aknakoda","potentialAction":[{"@type":"SearchAction","target":{"@type":"EntryPoint","urlTemplate":"https:\/\/aknakoda.ee\/?s={search_term_string}"},"query-input":{"@type":"PropertyValueSpecification","valueRequired":true,"valueName":"search_term_string"}}],"inLanguage":"ru-RU"}]}},"_links":{"self":[{"href":"https:\/\/aknakoda.ee\/ru\/wp-json\/wp\/v2\/pages\/12551","targetHints":{"allow":["GET"]}}],"collection":[{"href":"https:\/\/aknakoda.ee\/ru\/wp-json\/wp\/v2\/pages"}],"about":[{"href":"https:\/\/aknakoda.ee\/ru\/wp-json\/wp\/v2\/types\/page"}],"author":[{"embeddable":true,"href":"https:\/\/aknakoda.ee\/ru\/wp-json\/wp\/v2\/users\/2"}],"replies":[{"embeddable":true,"href":"https:\/\/aknakoda.ee\/ru\/wp-json\/wp\/v2\/comments?post=12551"}],"version-history":[{"count":12,"href":"https:\/\/aknakoda.ee\/ru\/wp-json\/wp\/v2\/pages\/12551\/revisions"}],"predecessor-version":[{"id":28748,"href":"https:\/\/aknakoda.ee\/ru\/wp-json\/wp\/v2\/pages\/12551\/revisions\/28748"}],"up":[{"embeddable":true,"href":"https:\/\/aknakoda.ee\/ru\/wp-json\/wp\/v2\/pages\/12733"}],"wp:attachment":[{"href":"https:\/\/aknakoda.ee\/ru\/wp-json\/wp\/v2\/media?parent=12551"}],"curies":[{"name":"wp","href":"https:\/\/api.w.org\/{rel}","templated":true}]}}